{"id":15256,"date":"2017-12-30T11:40:22","date_gmt":"2017-12-30T09:40:22","guid":{"rendered":"https:\/\/www.remundi-grill.de\/produkt\/frying-ring-14-5\/"},"modified":"2025-07-02T14:40:03","modified_gmt":"2025-07-02T12:40:03","slug":"frying-ring-14-5","status":"publish","type":"product","link":"https:\/\/www.remundi-grill.de\/en\/produkt\/frying-ring-14-5\/","title":{"rendered":"Frying ring 14\/5 with lid"},"content":{"rendered":"<div class=\"wpb-content-wrapper\"><p>[vc_row][vc_column][vc_column_text css=&#8221;&#8221;]Our roasting ring. A classic. Universal and versatile to protect the food from the fire.<\/p>\n<p>Use the frying ring like a pan. High-quality stainless steel and dishwasher-safe POM handle with eyelet for hanging. Includes matching lid for top heat.[\/vc_column_text][vc_tta_tabs][vc_tta_section title=&#8221;Technical details&#8221; tab_id=&#8221;1747291679409-60debb2f-3c26&#8243;][vc_column_text css=&#8221;&#8221;]<\/p>\n<table>\n<tbody>\n<tr>\n<td><strong>Item number:<\/strong><\/td>\n<td><strong>EAN:<\/strong><\/td>\n<\/tr>\n<tr>\n<td>800829<\/td>\n<td>4260549660196<\/td>\n<\/tr>\n<\/tbody>\n<\/table>\n<table>\n<tbody>\n<tr>\n<td><strong>material<\/strong><\/td>\n<td>Stainless steel\/glass\/POM<\/td>\n<\/tr>\n<tr>\n<td><strong>Size<\/strong> (L x W x H)<\/td>\n<td valign=\"top\">14 x 26 x 7 cm<\/td>\n<\/tr>\n<tr>\n<td><strong>weight<\/strong><\/td>\n<td>approx. 0.6 kg<\/td>\n<\/tr>\n<tr>\n<td><strong>Scope of delivery<\/strong><\/td>\n<td valign=\"top\">1 x frying ring and 1x lid<\/td>\n<\/tr>\n<\/tbody>\n<\/table>\n<p>[\/vc_column_text][\/vc_tta_section][vc_tta_section title=&#8221;Product safety&#8221; tab_id=&#8221;1747291679423-44fbd693-09cb&#8221;][vc_column_text css=&#8221;&#8221;]<h3><strong>Herstellerinformationen\/GPSR:<\/strong><\/h3>\n<p>Remundi GmbH <br \/>Siebenbornstra\u00dfe 26 <br \/>56337 Simmern \/ Westerwald (Germany) <br \/>Telefon +49 26 20 \u2013 9 40 99 28 <br \/>E-Mail info@remundi-grill.de<br \/>Web: www.remundi-grill.de<\/p>\n<h3><strong>Pflegehinweise:<\/strong><\/h3>\n<p>Alle unsere Zubeh\u00f6rteile sind sp\u00fclmaschinenfest und lassen sich durch eine \u00d6se am <a href=\"https:\/\/www.remundi-grill.de\/produkt\/besteckhalter\/\">Grillbesteckhalter<\/a> einh\u00e4ngen. So sind alle wichtigen Utensilien direkt griffbereit.<\/p>\n[\/vc_column_text][\/vc_tta_section][\/vc_tta_tabs][\/vc_column][\/vc_row]<\/p>\n<\/div>","protected":false},"excerpt":{"rendered":"<p>[vc_row][vc_column][vc_column_text css=&#8221;&#8221;]Our roasting ring. A classic. Universal and versatile to protect the food from the fire. Use the frying ring like a pan. High-quality stainless steel and dishwasher-safe POM handle with eyelet for hanging. Includes matching lid for top heat.[\/vc_column_text][vc_tta_tabs][vc_tta_section title=&#8221;Technical details&#8221; tab_id=&#8221;1747291679409-60debb2f-3c26&#8243;][vc_column_text css=&#8221;&#8221;] Item number: EAN: 800829 4260549660196 material Stainless steel\/glass\/POM Size (L x [&hellip;]<\/p>\n","protected":false},"featured_media":16414,"comment_status":"closed","ping_status":"closed","template":"","meta":{"ocean_post_layout":"","ocean_both_sidebars_style":"","ocean_both_sidebars_content_width":0,"ocean_both_sidebars_sidebars_width":0,"ocean_sidebar":"0","ocean_second_sidebar":"0","ocean_disable_margins":"enable","ocean_add_body_class":"","ocean_shortcode_before_top_bar":"","ocean_shortcode_after_top_bar":"","ocean_shortcode_before_header":"","ocean_shortcode_after_header":"","ocean_has_shortcode":"","ocean_shortcode_after_title":"","ocean_shortcode_before_footer_widgets":"","ocean_shortcode_after_footer_widgets":"","ocean_shortcode_before_footer_bottom":"","ocean_shortcode_after_footer_bottom":"","ocean_display_top_bar":"default","ocean_display_header":"default","ocean_header_style":"","ocean_center_header_left_menu":"0","ocean_custom_header_template":"0","ocean_custom_logo":0,"ocean_custom_retina_logo":0,"ocean_custom_logo_max_width":0,"ocean_custom_logo_tablet_max_width":0,"ocean_custom_logo_mobile_max_width":0,"ocean_custom_logo_max_height":0,"ocean_custom_logo_tablet_max_height":0,"ocean_custom_logo_mobile_max_height":0,"ocean_header_custom_menu":"0","ocean_menu_typo_font_family":"0","ocean_menu_typo_font_subset":"","ocean_menu_typo_font_size":0,"ocean_menu_typo_font_size_tablet":0,"ocean_menu_typo_font_size_mobile":0,"ocean_menu_typo_font_size_unit":"px","ocean_menu_typo_font_weight":"","ocean_menu_typo_font_weight_tablet":"","ocean_menu_typo_font_weight_mobile":"","ocean_menu_typo_transform":"","ocean_menu_typo_transform_tablet":"","ocean_menu_typo_transform_mobile":"","ocean_menu_typo_line_height":0,"ocean_menu_typo_line_height_tablet":0,"ocean_menu_typo_line_height_mobile":0,"ocean_menu_typo_line_height_unit":"","ocean_menu_typo_spacing":0,"ocean_menu_typo_spacing_tablet":0,"ocean_menu_typo_spacing_mobile":0,"ocean_menu_typo_spacing_unit":"","ocean_menu_link_color":"","ocean_menu_link_color_hover":"","ocean_menu_link_color_active":"","ocean_menu_link_background":"","ocean_menu_link_hover_background":"","ocean_menu_link_active_background":"","ocean_menu_social_links_bg":"","ocean_menu_social_hover_links_bg":"","ocean_menu_social_links_color":"","ocean_menu_social_hover_links_color":"","ocean_disable_title":"default","ocean_disable_heading":"default","ocean_post_title":"","ocean_post_subheading":"","ocean_post_title_style":"","ocean_post_title_background_color":"","ocean_post_title_background":0,"ocean_post_title_bg_image_position":"","ocean_post_title_bg_image_attachment":"","ocean_post_title_bg_image_repeat":"","ocean_post_title_bg_image_size":"","ocean_post_title_height":0,"ocean_post_title_bg_overlay":0.5,"ocean_post_title_bg_overlay_color":"","ocean_disable_breadcrumbs":"default","ocean_breadcrumbs_color":"","ocean_breadcrumbs_separator_color":"","ocean_breadcrumbs_links_color":"","ocean_breadcrumbs_links_hover_color":"","ocean_display_footer_widgets":"default","ocean_display_footer_bottom":"default","ocean_custom_footer_template":"0"},"product_brand":[],"product_cat":[466,281],"product_tag":[],"class_list":{"0":"post-15256","1":"product","2":"type-product","3":"status-publish","4":"has-post-thumbnail","6":"product_cat-barbecue-cutlery-and-skewers","7":"product_cat-accessories-pro","8":"product_shipping_class-versand-zubehoer-en","10":"entry","11":"has-media","13":"first","14":"instock","15":"taxable","16":"shipping-taxable","17":"purchasable","18":"product-type-simple","19":"col","20":"span_1_of_5","21":"owp-content-center","22":"owp-thumbs-layout-horizontal","23":"owp-btn-normal","24":"owp-tabs-layout-horizontal","25":"has-no-thumbnails"},"_links":{"self":[{"href":"https:\/\/www.remundi-grill.de\/en\/wp-json\/wp\/v2\/product\/15256","targetHints":{"allow":["GET"]}}],"collection":[{"href":"https:\/\/www.remundi-grill.de\/en\/wp-json\/wp\/v2\/product"}],"about":[{"href":"https:\/\/www.remundi-grill.de\/en\/wp-json\/wp\/v2\/types\/product"}],"replies":[{"embeddable":true,"href":"https:\/\/www.remundi-grill.de\/en\/wp-json\/wp\/v2\/comments?post=15256"}],"wp:featuredmedia":[{"embeddable":true,"href":"https:\/\/www.remundi-grill.de\/en\/wp-json\/wp\/v2\/media\/16414"}],"wp:attachment":[{"href":"https:\/\/www.remundi-grill.de\/en\/wp-json\/wp\/v2\/media?parent=15256"}],"wp:term":[{"taxonomy":"product_brand","embeddable":true,"href":"https:\/\/www.remundi-grill.de\/en\/wp-json\/wp\/v2\/product_brand?post=15256"},{"taxonomy":"product_cat","embeddable":true,"href":"https:\/\/www.remundi-grill.de\/en\/wp-json\/wp\/v2\/product_cat?post=15256"},{"taxonomy":"product_tag","embeddable":true,"href":"https:\/\/www.remundi-grill.de\/en\/wp-json\/wp\/v2\/product_tag?post=15256"}],"curies":[{"name":"wp","href":"https:\/\/api.w.org\/{rel}","templated":true}]}}