{"id":19410,"date":"2025-07-24T16:19:58","date_gmt":"2025-07-24T14:19:58","guid":{"rendered":"https:\/\/www.remundi-grill.de\/?page_id=19410"},"modified":"2025-08-01T08:50:36","modified_gmt":"2025-08-01T06:50:36","slug":"erklaerung-zur-barrierefreiheit","status":"publish","type":"page","link":"https:\/\/www.remundi-grill.de\/fr\/erklaerung-zur-barrierefreiheit\/","title":{"rendered":"Erkl\u00e4rung zur Barrierefreiheit"},"content":{"rendered":"<div class=\"wpb-content-wrapper\"><p>[vc_row css=&#8221;.vc_custom_1751380409080{margin-bottom: 20px !important;}&#8221;][vc_column][vc_custom_heading text=&#8221;Erkl\u00e4rung zur Barrierefreiheit&#8221; font_container=&#8221;tag:h1|text_align:left|color:%23000000&#8243; use_theme_fonts=&#8221;yes&#8221; css=&#8221;&#8221;][vc_empty_space height=&#8221;10px&#8221;][vc_column_text css=&#8221;&#8221;]Unser Onlineshop spezialisiert sich auf Holzkohle- und Gas-Grills und bietet eine vielf\u00e4ltige Auswahl an Grill-Zubeh\u00f6r an.[\/vc_column_text][vc_custom_heading text=&#8221;Geltungsbereich&#8221; font_container=&#8221;tag:h2|text_align:left|color:%23000000&#8243; use_theme_fonts=&#8221;yes&#8221; css=&#8221;&#8221;][vc_empty_space height=&#8221;10px&#8221;][vc_column_text css=&#8221;&#8221;]Diese Erkl\u00e4rung zur Barrierefreiheit gilt f\u00fcr unsere Webseite <a title=\"Link zur Homepage von Remundi Grill\" href=\"https:\/\/www.remundi-grill.de\">www.remundi-grill.de<\/a> und alle damit verbundenen Unterseiten sowie Services.[\/vc_column_text][vc_custom_heading text=&#8221;Information zum Anbieter gem. Art 246 EGBGB:&#8221; font_container=&#8221;tag:h2|text_align:left|color:%23000000&#8243; use_theme_fonts=&#8221;yes&#8221; css=&#8221;&#8221;][vc_empty_space height=&#8221;10px&#8221;][vc_column_text css=&#8221;&#8221;]Remundi GmbH<br \/>\nSiebenbornstra\u00dfe 26<br \/>\n56337 Simmern \/ Westerwald<br \/>\nGERMANY<\/p>\n<p>Telefon +49 26 20 \u2013 9 40 99 28<br \/>\nE-Mail info@remundi-grill.de[\/vc_column_text][vc_custom_heading text=&#8221;Aktueller Stand der Barrierefreiheit&#8221; font_container=&#8221;tag:h2|text_align:left|color:%23000000&#8243; use_theme_fonts=&#8221;yes&#8221; css=&#8221;&#8221;][vc_empty_space height=&#8221;10px&#8221;][vc_column_text css=&#8221;&#8221;]Diese Website ist nach unserem aktuellen Stand der Technik und mit zumutbarem Aufwand <b>nicht vollst\u00e4ndig barrierefrei<\/b>. Die Umsetzung erfolgt schrittweise auf Basis der Anforderungen der <a href=\"https:\/\/www.gesetze-im-internet.de\/bitv_2_0\/\" rel=\"nofollow noopener\" target=\"_blank\">BITV 2.0<\/a> sowie der <a title=\"Link zur CVAG 2.1 Website\" href=\"https:\/\/www.w3.org\/TR\/WCAG21\/\" rel=\"nofollow noopener\" target=\"_blank\">WCAG 2.1<\/a> auf Konformit\u00e4tsstufe AA.<br \/>\nDie nachstehend aufgef\u00fchrten Inhalte sind aus den folgenden Gr\u00fcnden nicht barrierefrei:<\/p>\n<ul>\n<li><strong>Alternativtexte<\/strong>\n<ul>\n<li>Bilder und grafische Bedienelemente ohne eindeutige oder vollst\u00e4ndige Alt-Texte<\/li>\n<li>Alt- und Title-Attribute mit identischem Inhalt statt erg\u00e4nzender Informationen<\/li>\n<\/ul>\n<\/li>\n<li><strong>Text- und Layout-Anpassungen<\/strong>\n<ul>\n<li>Texte in Bildern mobil oft zu klein und nicht per Zoom skalierbar<\/li>\n<li>Inkonsistente \u00dcberschriftenhierarchie<\/li>\n<li>\u00dcberschriften, Tabellen und Listen zum Teil nicht semantisch korrekt ausgezeichnet<\/li>\n<li>Links-Farben kontrastreicher und sichtbarer gestalten<\/li>\n<li>Beschriftungen &amp; Lables: Einige Formulareingabefelder oder Buttons haben keine eindeutig zuordenbaren Labels oder ARIA-Beschreibungen.<\/li>\n<\/ul>\n<\/li>\n<li><strong>Videos<\/strong>\n<ul>\n<li>Einige unserer eingebetteten Videos verf\u00fcgen nicht \u00fcber\u00a0 eingeblendete Untertitel. Diese sind aber auf den entsprechenden Plattformen, wie z.B. Youtube, \u00fcber eine Untertitel-Funktion anschaltbar.<\/li>\n<\/ul>\n<\/li>\n<\/ul>\n<p>[\/vc_column_text][vc_custom_heading text=&#8221;Geplante Ma\u00dfnahmen&#8221; font_container=&#8221;tag:h2|text_align:left|color:%23000000&#8243; use_theme_fonts=&#8221;yes&#8221; css=&#8221;&#8221;][vc_empty_space height=&#8221;10px&#8221;][vc_column_text css=&#8221;&#8221;]Folgende Anforderungen werden derzeit umgesetzt:<\/p>\n<ul>\n<li>Erg\u00e4nzung und \u00dcberpr\u00fcfung aller Alt-Texte bei Bildern<\/li>\n<li>Optimierung der Tastaturnavigation inklusive Fokus-Indikatoren<\/li>\n<li>Anpassung der Farbkontraste gem\u00e4\u00df WCAG 2.1 Level AA<\/li>\n<\/ul>\n<p>[\/vc_column_text][vc_custom_heading text=&#8221;Barrieren aufgrund wirtschaftlicher Unzumutbarkeit&#8221; font_container=&#8221;tag:h2|text_align:left|color:%23000000&#8243; use_theme_fonts=&#8221;yes&#8221; css=&#8221;&#8221;][vc_empty_space height=&#8221;10px&#8221;][vc_column_text css=&#8221;&#8221;]Einige Barrieren auf unserer Website k\u00f6nnen wir aus Gr\u00fcnden der wirtschaftlichen Zumutbarkeit nicht oder nicht kurzfristig beheben. Dazu geh\u00f6ren:<\/p>\n<p>\u00c4ltere Inhalte, die vor dem Jahr 2020 erstellt wurden, sind nicht vollst\u00e4ndig barrierefrei. Eine nachtr\u00e4gliche Anpassung dieser Inhalte w\u00fcrde unverh\u00e4ltnism\u00e4\u00dfig hohe Aufwendungen erfordern.<br \/>\nHierunter fallen vor allem unsere Produktvideos. Zuk\u00fcnftige Inhalte werden nach den aktuellen Standards erstellt.[\/vc_column_text][vc_custom_heading text=&#8221;Barriere melden und Kontaktm\u00f6glichkeiten&#8221; font_container=&#8221;tag:h2|text_align:left|color:%23000000&#8243; use_theme_fonts=&#8221;yes&#8221; css=&#8221;&#8221;][vc_empty_space height=&#8221;10px&#8221;][vc_column_text css=&#8221;&#8221;]Ist dir auf unserer Website www.remundi-grill.de irgendetwas aufgefallen, das nicht barrierefrei zug\u00e4nglich oder vollst\u00e4ndig f\u00fcr dich nutzbar ist? Dann informiere uns bitte, auf welcher Seite und welche Funktion zur Barriere gef\u00fchrt hat. Kopiere dazu einfach den Adresslink aus deinem Browser. Wir bem\u00fchen uns, die gemeldeten Barrieren in Rahmen der technischen und wirtschaftlichen M\u00f6glichkeiten schnellstm\u00f6glich zu beheben.<\/p>\n<p>Du kannst uns auf folgenden Weisen Barrieren melden:<\/p>\n<ul>\n<li>E-Mail: <a class=\"link\" href=\"mailto:info@remundi-grill.de\" target=\"_blank\" rel=\"noopener noreferrer nofollow\">info@remundi-grill.de<\/a><\/li>\n<li><a class=\"link\" title=\"Link zu unserem Kontaktformular\" href=\"https:\/\/www.remundi-grill.de\/contact\/\">Kontaktformular<\/a><\/li>\n<li>Telefon: +49 26 20 \u2013 9 40 99 28<\/li>\n<li>Postanschrift: Remundi GmbH, Siebenbornstra\u00dfe 26, 56337 Simmern \/ Westerwald, Deutschland<\/li>\n<\/ul>\n<p>[\/vc_column_text][vc_custom_heading text=&#8221;Beschwerdeverfahren&#8221; font_container=&#8221;tag:h2|text_align:left|color:%23000000&#8243; use_theme_fonts=&#8221;yes&#8221; css=&#8221;&#8221;][vc_empty_space height=&#8221;10px&#8221;][vc_column_text css=&#8221;&#8221;]Solltet ihr Probleme haben, eine Barrierefreiheitseinschr\u00e4nkung zu melden oder mit unserer Antwort nicht zufrieden sein, k\u00f6nnt ihr eine Beschwerde bei der zust\u00e4ndigen Durchsetzungsstelle in Rheinland-Pfalz einreichen:<\/p>\n<address>Ministerium f\u00fcr Soziales, Arbeit, Gesundheit und Demografie des Landes Rheinland-Pfalz<br \/>\n<strong>Landesbeauftragter f\u00fcr die Belange behinderter Menschen in Rheinland-Pfalz<\/strong><br \/>\nBauhofstra\u00dfe 9<br \/>\n55116 Mainz<\/address>\n<p><b>E-Mail:<\/b><br \/>\nIT-Barrierefreiheit(at)lfst.fin-rlp.de<br \/>\n<a title=\"Link zur Website der Durchsetzungsstelle f\u00fcr Rheinland-Pfalz\" href=\"https:\/\/zdfin.rlp.de\/kompetenzen\/uebit\" target=\"_blank\" rel=\"noopener\">www.zdfin.rlp.de\/kompetenzen\/uebit<\/a>[\/vc_column_text][vc_custom_heading text=&#8221;Pr\u00fcfungsmethode und Bewertung&#8221; font_container=&#8221;tag:h2|text_align:left|color:%23000000&#8243; use_theme_fonts=&#8221;yes&#8221; css=&#8221;&#8221;][vc_empty_space height=&#8221;10px&#8221;][vc_column_text css=&#8221;&#8221;]Die Pr\u00fcfung wurde im Rahmen einer internen Selbsteinsch\u00e4tzung ohne vollst\u00e4ndigen BITV-Test durchgef\u00fchrt.<br \/>\nAutomatisierte Tools erkennen nicht alle Barrieren, insbesondere solche in dynamischen oder interaktiven Bereichen.<br \/>\nDabei kamen folgende Tools und Verfahren zum Einsatz:<\/p>\n<ul>\n<li>Google Lighthouse (Audit \u201eAccessibility\u201c)<\/li>\n<li>Free Website Accessibility Checker von Skynet Technologies<\/li>\n<\/ul>\n<p>Diese Erkl\u00e4rung wurde am 24.07.2025 erstellt und zuletzt am 01.08.2025 aktualisiert.<\/p>\n<p>Wir m\u00f6chten weiterhin daran arbeiten, unsere Seite noch zug\u00e4nglicher zu gestalten. Hinweise und Anregungen zur Verbesserung der Barrierefreiheit nehmen wir jederzeit dankbar entgegen.<\/p>\n<p>[\/vc_column_text][\/vc_column][\/vc_row]<\/p>\n<\/div>","protected":false},"excerpt":{"rendered":"<p>[vc_row css=&#8221;.vc_custom_1751380409080{margin-bottom: 20px !important;}&#8221;][vc_column][vc_custom_heading text=&#8221;Erkl\u00e4rung zur Barrierefreiheit&#8221; font_container=&#8221;tag:h1|text_align:left|color:%23000000&#8243; use_theme_fonts=&#8221;yes&#8221; css=&#8221;&#8221;][vc_empty_space height=&#8221;10px&#8221;][vc_column_text css=&#8221;&#8221;]Unser Onlineshop spezialisiert sich auf Holzkohle- und Gas-Grills und bietet eine vielf\u00e4ltige Auswahl an Grill-Zubeh\u00f6r an.[\/vc_column_text][vc_custom_heading text=&#8221;Geltungsbereich&#8221; font_container=&#8221;tag:h2|text_align:left|color:%23000000&#8243; use_theme_fonts=&#8221;yes&#8221; css=&#8221;&#8221;][vc_empty_space height=&#8221;10px&#8221;][vc_column_text css=&#8221;&#8221;]Diese Erkl\u00e4rung zur Barrierefreiheit gilt f\u00fcr unsere Webseite www.remundi-grill.de und alle damit verbundenen Unterseiten sowie Services.[\/vc_column_text][vc_custom_heading text=&#8221;Information zum Anbieter gem. Art 246 EGBGB:&#8221; [&hellip;]<\/p>\n","protected":false},"author":4,"featured_media":0,"parent":0,"menu_order":0,"comment_status":"closed","ping_status":"closed","template":"","meta":{"ocean_post_layout":"","ocean_both_sidebars_style":"","ocean_both_sidebars_content_width":0,"ocean_both_sidebars_sidebars_width":0,"ocean_sidebar":"","ocean_second_sidebar":"","ocean_disable_margins":"enable","ocean_add_body_class":"","ocean_shortcode_before_top_bar":"","ocean_shortcode_after_top_bar":"","ocean_shortcode_before_header":"","ocean_shortcode_after_header":"","ocean_has_shortcode":"","ocean_shortcode_after_title":"","ocean_shortcode_before_footer_widgets":"","ocean_shortcode_after_footer_widgets":"","ocean_shortcode_before_footer_bottom":"","ocean_shortcode_after_footer_bottom":"","ocean_display_top_bar":"default","ocean_display_header":"default","ocean_header_style":"","ocean_center_header_left_menu":"","ocean_custom_header_template":"","ocean_custom_logo":0,"ocean_custom_retina_logo":0,"ocean_custom_logo_max_width":0,"ocean_custom_logo_tablet_max_width":0,"ocean_custom_logo_mobile_max_width":0,"ocean_custom_logo_max_height":0,"ocean_custom_logo_tablet_max_height":0,"ocean_custom_logo_mobile_max_height":0,"ocean_header_custom_menu":"","ocean_menu_typo_font_family":"","ocean_menu_typo_font_subset":"","ocean_menu_typo_font_size":0,"ocean_menu_typo_font_size_tablet":0,"ocean_menu_typo_font_size_mobile":0,"ocean_menu_typo_font_size_unit":"px","ocean_menu_typo_font_weight":"","ocean_menu_typo_font_weight_tablet":"","ocean_menu_typo_font_weight_mobile":"","ocean_menu_typo_transform":"","ocean_menu_typo_transform_tablet":"","ocean_menu_typo_transform_mobile":"","ocean_menu_typo_line_height":0,"ocean_menu_typo_line_height_tablet":0,"ocean_menu_typo_line_height_mobile":0,"ocean_menu_typo_line_height_unit":"","ocean_menu_typo_spacing":0,"ocean_menu_typo_spacing_tablet":0,"ocean_menu_typo_spacing_mobile":0,"ocean_menu_typo_spacing_unit":"","ocean_menu_link_color":"","ocean_menu_link_color_hover":"","ocean_menu_link_color_active":"","ocean_menu_link_background":"","ocean_menu_link_hover_background":"","ocean_menu_link_active_background":"","ocean_menu_social_links_bg":"","ocean_menu_social_hover_links_bg":"","ocean_menu_social_links_color":"","ocean_menu_social_hover_links_color":"","ocean_disable_title":"default","ocean_disable_heading":"default","ocean_post_title":"","ocean_post_subheading":"","ocean_post_title_style":"","ocean_post_title_background_color":"","ocean_post_title_background":0,"ocean_post_title_bg_image_position":"","ocean_post_title_bg_image_attachment":"","ocean_post_title_bg_image_repeat":"","ocean_post_title_bg_image_size":"","ocean_post_title_height":0,"ocean_post_title_bg_overlay":0.5,"ocean_post_title_bg_overlay_color":"","ocean_disable_breadcrumbs":"default","ocean_breadcrumbs_color":"","ocean_breadcrumbs_separator_color":"","ocean_breadcrumbs_links_color":"","ocean_breadcrumbs_links_hover_color":"","ocean_display_footer_widgets":"default","ocean_display_footer_bottom":"default","ocean_custom_footer_template":"","footnotes":""},"class_list":["post-19410","page","type-page","status-publish","hentry","entry","owp-thumbs-layout-horizontal","owp-btn-normal","owp-tabs-layout-horizontal","has-no-thumbnails"],"_links":{"self":[{"href":"https:\/\/www.remundi-grill.de\/fr\/wp-json\/wp\/v2\/pages\/19410","targetHints":{"allow":["GET"]}}],"collection":[{"href":"https:\/\/www.remundi-grill.de\/fr\/wp-json\/wp\/v2\/pages"}],"about":[{"href":"https:\/\/www.remundi-grill.de\/fr\/wp-json\/wp\/v2\/types\/page"}],"author":[{"embeddable":true,"href":"https:\/\/www.remundi-grill.de\/fr\/wp-json\/wp\/v2\/users\/4"}],"replies":[{"embeddable":true,"href":"https:\/\/www.remundi-grill.de\/fr\/wp-json\/wp\/v2\/comments?post=19410"}],"version-history":[{"count":0,"href":"https:\/\/www.remundi-grill.de\/fr\/wp-json\/wp\/v2\/pages\/19410\/revisions"}],"wp:attachment":[{"href":"https:\/\/www.remundi-grill.de\/fr\/wp-json\/wp\/v2\/media?parent=19410"}],"curies":[{"name":"wp","href":"https:\/\/api.w.org\/{rel}","templated":true}]}}