{"id":21561,"date":"2026-05-12T18:52:39","date_gmt":"2026-05-12T16:52:39","guid":{"rendered":"https:\/\/www.remundi-grill.de\/mentions-legales\/"},"modified":"2026-05-12T20:59:28","modified_gmt":"2026-05-12T18:59:28","slug":"mentions-legales","status":"publish","type":"page","link":"https:\/\/www.remundi-grill.de\/fr\/mentions-legales\/","title":{"rendered":"Mentions l\u00e9gales"},"content":{"rendered":"<div class=\"wpb-content-wrapper\"><p>[vc_row][vc_column][vc_column_text css=&#8221;&#8221;]<div style=\"word-wrap: break-word;\">Not found<\/div>[\/vc_column_text][vc_column_text css=&#8221;&#8221;]<strong>Photographies<\/strong><br \/>\n<strong style=\"font-style: inherit\">Stefan Veres Photography<\/strong><br \/>\n<a href=\"mailto:mail@stefanveres.de\">mail@stefanveres.de<\/a><br \/>\n<a href=\"http:\/\/www.stefanveres.de\/\" target=\"_blank\" rel=\"noopener noreferrer\">www.stefanveres.de<\/a><br \/>\n<a href=\"http:\/\/www.facebook.com\/svfoto\" target=\"_blank\" rel=\"noopener noreferrer\">www.facebook.com\/svfoto<\/a>[\/vc_column_text][vc_empty_space][\/vc_column][\/vc_row][vc_row][vc_column][vc_column_text]<\/p>\n<h1>Clause de non-responsabilit\u00e9<\/h1>\n<h3>1. Responsabilit\u00e9 du contenu<\/h3>\n<p>Le contenu de ce site web a \u00e9t\u00e9 cr\u00e9\u00e9 avec le plus grand soin. Toutefois, nous ne pouvons pas garantir l&#8217;exhaustivit\u00e9, l&#8217;actualit\u00e9 et l&#8217;exactitude des contenus mis \u00e0 disposition. Conform\u00e9ment aux \u00a7\u00a7 8\u201310 TMG (loi allemande sur les t\u00e9l\u00e9m\u00e9dias), nous ne sommes pas tenus, en tant que prestataire de services, de surveiller les informations de tiers qui ont \u00e9t\u00e9 transmises ou stock\u00e9es, ni de rechercher des indices et des circonstances indiquant l&#8217;ill\u00e9galit\u00e9 d&#8217;activit\u00e9s et d&#8217;informations.<\/p>\n<p>Notre obligation de bloquer l&#8217;utilisation de contenus dans le cadre des lois g\u00e9n\u00e9rales reste intacte. Toutefois, cette responsabilit\u00e9 n&#8217;entre en ligne de compte qu&#8217;au moment de la prise de connaissance d&#8217;une violation concr\u00e8te des droits. D\u00e8s que nous aurons connaissance de violations de droits, nous supprimerons imm\u00e9diatement les contenus correspondants.<\/p>\n<p>En tant que prestataire de services, notre responsabilit\u00e9 pour nos propres contenus est r\u00e9gie par les lois g\u00e9n\u00e9rales.<\/p>\n<h3>2. Responsabilit\u00e9 pour les liens<\/h3>\n<p>Ce site web contient des liens vers des sites web de tiers \u2014 appel\u00e9s liens externes. Le contenu de ces liens externes \u00e9chappe \u00e0 notre contr\u00f4le, de sorte que nous n&#8217;assumons aucune garantie quant \u00e0 leur contenu.<\/p>\n<p>La responsabilit\u00e9 incombe toujours \u00e0 l&#8217;exploitant respectif des pages externes. Au moment de la mise en place des liens externes, aucune infraction \u00e0 la loi n&#8217;\u00e9tait visible. Il ne peut raisonnablement \u00eatre attendu de nous que nous surveillions en permanence les contenus externes sans indications concr\u00e8tes.<\/p>\n<p>D\u00e8s que nous aurons connaissance de violations de la loi, nous supprimerons imm\u00e9diatement les liens externes concern\u00e9s.<\/p>\n<h3>3. Droit d&#8217;auteur \/ droits voisins<\/h3>\n<p>Le droit d&#8217;auteur et les droits voisins allemands s&#8217;appliquent aux contenus publi\u00e9s par le fournisseur sur ce site web. Dans la mesure o\u00f9 la reproduction, le traitement, la diffusion ou tout autre type d&#8217;exploitation se situe en dehors du droit d&#8217;auteur et des droits voisins allemands, le consentement \u00e9crit du cr\u00e9ateur respectif est requis. La copie ou le t\u00e9l\u00e9chargement non autoris\u00e9s de ces pages sont exclusivement r\u00e9serv\u00e9s \u00e0 un usage priv\u00e9 et non commercial. Dans la mesure o\u00f9 nous n&#8217;agissons pas en tant qu&#8217;exploitant et cr\u00e9ateur du contenu, les droits d&#8217;auteur de tiers sont respect\u00e9s. Nous nous effor\u00e7ons toujours d&#8217;identifier ces contenus comme \u00e9tant des contenus de tiers. Si vous constatez une violation du droit d&#8217;auteur malgr\u00e9 notre travail minutieux, nous vous prions de bien vouloir nous en informer afin que la suppression de ces contenus puisse \u00eatre effectu\u00e9e imm\u00e9diatement.[\/vc_column_text][vc_empty_space][\/vc_column][\/vc_row]<\/p>\n<\/div>","protected":false},"excerpt":{"rendered":"<p>[vc_row][vc_column][vc_column_text css=&#8221;&#8221;][\/vc_column_text][vc_column_text css=&#8221;&#8221;]Photographies Stefan Veres Photography mail@stefanveres.de www.stefanveres.de www.facebook.com\/svfoto[\/vc_column_text][vc_empty_space][\/vc_column][\/vc_row][vc_row][vc_column][vc_column_text] Clause de non-responsabilit\u00e9 1. Responsabilit\u00e9 du contenu Le contenu de ce site web a \u00e9t\u00e9 cr\u00e9\u00e9 avec le plus grand soin. Toutefois, nous ne pouvons pas garantir l&#8217;exhaustivit\u00e9, l&#8217;actualit\u00e9 et l&#8217;exactitude des contenus mis \u00e0 disposition. Conform\u00e9ment aux \u00a7\u00a7 8\u201310 TMG (loi allemande sur les t\u00e9l\u00e9m\u00e9dias), [&hellip;]<\/p>\n","protected":false},"author":1,"featured_media":0,"parent":0,"menu_order":26,"comment_status":"closed","ping_status":"open","template":"","meta":{"ocean_post_layout":"","ocean_both_sidebars_style":"","ocean_both_sidebars_content_width":0,"ocean_both_sidebars_sidebars_width":0,"ocean_sidebar":"","ocean_second_sidebar":"","ocean_disable_margins":"enable","ocean_add_body_class":"","ocean_shortcode_before_top_bar":"","ocean_shortcode_after_top_bar":"","ocean_shortcode_before_header":"","ocean_shortcode_after_header":"","ocean_has_shortcode":"","ocean_shortcode_after_title":"","ocean_shortcode_before_footer_widgets":"","ocean_shortcode_after_footer_widgets":"","ocean_shortcode_before_footer_bottom":"","ocean_shortcode_after_footer_bottom":"","ocean_display_top_bar":"default","ocean_display_header":"default","ocean_header_style":"","ocean_center_header_left_menu":"","ocean_custom_header_template":"","ocean_custom_logo":0,"ocean_custom_retina_logo":0,"ocean_custom_logo_max_width":0,"ocean_custom_logo_tablet_max_width":0,"ocean_custom_logo_mobile_max_width":0,"ocean_custom_logo_max_height":0,"ocean_custom_logo_tablet_max_height":0,"ocean_custom_logo_mobile_max_height":0,"ocean_header_custom_menu":"","ocean_menu_typo_font_family":"","ocean_menu_typo_font_subset":"","ocean_menu_typo_font_size":0,"ocean_menu_typo_font_size_tablet":0,"ocean_menu_typo_font_size_mobile":0,"ocean_menu_typo_font_size_unit":"px","ocean_menu_typo_font_weight":"","ocean_menu_typo_font_weight_tablet":"","ocean_menu_typo_font_weight_mobile":"","ocean_menu_typo_transform":"","ocean_menu_typo_transform_tablet":"","ocean_menu_typo_transform_mobile":"","ocean_menu_typo_line_height":0,"ocean_menu_typo_line_height_tablet":0,"ocean_menu_typo_line_height_mobile":0,"ocean_menu_typo_line_height_unit":"","ocean_menu_typo_spacing":0,"ocean_menu_typo_spacing_tablet":0,"ocean_menu_typo_spacing_mobile":0,"ocean_menu_typo_spacing_unit":"","ocean_menu_link_color":"","ocean_menu_link_color_hover":"","ocean_menu_link_color_active":"","ocean_menu_link_background":"","ocean_menu_link_hover_background":"","ocean_menu_link_active_background":"","ocean_menu_social_links_bg":"","ocean_menu_social_hover_links_bg":"","ocean_menu_social_links_color":"","ocean_menu_social_hover_links_color":"","ocean_disable_title":"default","ocean_disable_heading":"default","ocean_post_title":"","ocean_post_subheading":"","ocean_post_title_style":"","ocean_post_title_background_color":"","ocean_post_title_background":0,"ocean_post_title_bg_image_position":"","ocean_post_title_bg_image_attachment":"","ocean_post_title_bg_image_repeat":"","ocean_post_title_bg_image_size":"","ocean_post_title_height":0,"ocean_post_title_bg_overlay":0.5,"ocean_post_title_bg_overlay_color":"","ocean_disable_breadcrumbs":"default","ocean_breadcrumbs_color":"","ocean_breadcrumbs_separator_color":"","ocean_breadcrumbs_links_color":"","ocean_breadcrumbs_links_hover_color":"","ocean_display_footer_widgets":"default","ocean_display_footer_bottom":"default","ocean_custom_footer_template":"","footnotes":""},"class_list":["post-21561","page","type-page","status-publish","hentry","entry","owp-thumbs-layout-horizontal","owp-btn-normal","owp-tabs-layout-horizontal","has-no-thumbnails"],"_links":{"self":[{"href":"https:\/\/www.remundi-grill.de\/fr\/wp-json\/wp\/v2\/pages\/21561","targetHints":{"allow":["GET"]}}],"collection":[{"href":"https:\/\/www.remundi-grill.de\/fr\/wp-json\/wp\/v2\/pages"}],"about":[{"href":"https:\/\/www.remundi-grill.de\/fr\/wp-json\/wp\/v2\/types\/page"}],"author":[{"embeddable":true,"href":"https:\/\/www.remundi-grill.de\/fr\/wp-json\/wp\/v2\/users\/1"}],"replies":[{"embeddable":true,"href":"https:\/\/www.remundi-grill.de\/fr\/wp-json\/wp\/v2\/comments?post=21561"}],"version-history":[{"count":0,"href":"https:\/\/www.remundi-grill.de\/fr\/wp-json\/wp\/v2\/pages\/21561\/revisions"}],"wp:attachment":[{"href":"https:\/\/www.remundi-grill.de\/fr\/wp-json\/wp\/v2\/media?parent=21561"}],"curies":[{"name":"wp","href":"https:\/\/api.w.org\/{rel}","templated":true}]}}