{"id":5983,"date":"2016-09-06T14:08:05","date_gmt":"2016-09-06T12:08:05","guid":{"rendered":"https:\/\/www.remundi-grill.de\/?page_id=5983"},"modified":"2025-01-15T10:17:03","modified_gmt":"2025-01-15T08:17:03","slug":"partner","status":"publish","type":"page","link":"https:\/\/www.remundi-grill.de\/fr\/partner\/","title":{"rendered":"Vertriebspartner werden"},"content":{"rendered":"<div class=\"wpb-content-wrapper\"><p>[vc_section full_width=&#8221;stretch_row_content&#8221;][vc_row][vc_column width=&#8221;1\/6&#8243;][\/vc_column][vc_column width=&#8221;2\/3&#8243;][vc_empty_space height=&#8221;20px&#8221;]<div id=\"ultimate-heading-53216a05aa9483ddd\" class=\"uvc-heading ult-adjust-bottom-margin ultimate-heading-53216a05aa9483ddd uvc-5236 \" data-hspacer=\"no_spacer\"  data-halign=\"left\" style=\"text-align:left\"><div class=\"uvc-heading-spacer no_spacer\" style=\"top\"><\/div><div class=\"uvc-main-heading ult-responsive\"  data-ultimate-target='.uvc-heading.ultimate-heading-53216a05aa9483ddd h2'  data-responsive-json-new='{\"font-size\":\"desktop:36px;\",\"line-height\":\"\"}' ><h2 style=\"font-weight:bold;margin-bottom:20px;\">10 gute Gr\u00fcnde: Vertriebspartner von Remundi werden<\/h2><\/div><\/div>[vc_column_text]<span style=\"font-weight: 400;\">Du bist auf der Suche nach hochwertigen Grills inklusive passendem Zubeh\u00f6rartikeln, die du in dein Sortiment aufnehmen kannst?\u00a0<\/span><span style=\"font-weight: 400;\">Dann solltest du unbedingt unsere Premium-Marke Remundi in Betracht ziehen. <\/span><\/p>\n<p><span style=\"font-weight: 400;\">Als unser Vertriebspartner profitierst du von zahlreichen Vorteilen, die dir helfen, dein Gesch\u00e4ft auszubauen und zufriedene Kunden zu gewinnen.\u00a0<\/span><\/p>\n<p><span style=\"font-weight: 400;\">Wir stellen dir 10 gute Gr\u00fcnde vor, warum du Remundi Vertriebspartner werden solltest.<\/span><\/p>\n<h3><b>1. Erstklassige Qualit\u00e4t und zuverl\u00e4ssige Lieferung<\/b><\/h3>\n<p><span style=\"font-weight: 400;\">Bei Remundi legen wir gr\u00f6\u00dften Wert auf hochwertige Verarbeitung und Materialien wie Edelstahl. Unsere Qualit\u00e4tskontrollen stellen sicher, dass du nur einwandfreie Produkte erh\u00e4ltst. Au\u00dferdem profitierst du von einem professionellen Liefermanagement f\u00fcr eine p\u00fcnktliche Belieferung.<\/span><span style=\"font-weight: 400;\"><br \/>\n<\/span><\/p>\n<h3><b>2. Laufende Produktinnovationen<\/b><\/h3>\n<p><span style=\"font-weight: 400;\">Wir arbeiten st\u00e4ndig an Produktverbesserungen, neuen Grillger\u00e4ten und innovativen <a href=\"https:\/\/www.remundi-grill.de\/produkt-kategorie\/remundi-pro-feuerstellen\/remundi-feuerstellen-zubehoer\/\">Grillzubeh\u00f6r<\/a>, damit du deine Kunden immer wieder begeistern kannst. Als Vertriebspartner hast du exklusiven Zugriff auf Remundi Neuerscheinungen.<\/span><b><br \/>\n<\/b><\/p>\n<h3><b>3. Attraktive Konditionen f\u00fcr H\u00e4ndler<\/b><\/h3>\n<p><span style=\"font-weight: 400;\">Mit einer Remundi Vertriebspartnerschaft profitierst du von attraktiven Einkaufspreisen und Mengenrabatten bei eigener Einlagerung der Produkte. So kannst du attraktive Margen erzielen und deinen Umsatz profitabel steigern.<\/span><span style=\"font-weight: 400;\"><br \/>\n<\/span><\/p>\n<h3><b>4. Wachstumspotenzial\u00a0<\/b><\/h3>\n<p><span style=\"font-weight: 400;\">Remundi expandiert und erschlie\u00dft neue M\u00e4rkte im In- und Ausland. Dadurch er\u00f6ffnen sich f\u00fcr dich interessante Wachstumschancen. Lass uns gemeinsam wachsen!<\/span><\/p>\n<h3><b>5. Gebietsschutz m\u00f6glich<\/b><b><br \/>\n<\/b><\/h3>\n<p><span style=\"font-weight: 400;\">Auf Wunsch sichern wir dir auch einen exklusiven Gebietsschutz zu, damit du von einer starken Position in deiner Region oder einem ganzen Land profitierst.<\/span>[\/vc_column_text][vc_single_image image=&#8221;15808&#8243; img_size=&#8221;full&#8221;][vc_column_text]<\/p>\n<h3><b>6. Dropshipping-Option<\/b><\/h3>\n<p><span style=\"font-weight: 400;\">Als Vertriebspartner kannst du auch optional Dropshipping nutzen. Das bedeutet, du musst die Produkte nicht selbst auf Lager nehmen, sondern wir \u00fcbernehmen f\u00fcr dich den Versand direkt an deine Kunden. So sparst du Lagerkosten und Aufwand.<\/span><\/p>\n<h3><b>7. Pers\u00f6nlicher Support<\/b><b><\/b><\/h3>\n<p><span style=\"font-weight: 400;\">Bei Fragen oder Problemen stehen wir dir per Telefon-Support zur Seite. Wir helfen schnell und unkompliziert weiter, damit deine Gesch\u00e4fte reibungslos laufen.<\/span><\/p>\n<h3><b>8. Umfangreiches Werbematerial<\/b><b><\/b><\/h3>\n<p><span style=\"font-weight: 400;\">Selbstverst\u00e4ndlich stellen wir dir eine Vielzahl an professionellen Bildern, Videos und Katalogen zur Verf\u00fcgung. So kannst du die Remundi-Grills optimal pr\u00e4sentieren, das System verstehen und bewerben. Das Design der Produkte generiert Aufmerksamkeit und das sorgt auch f\u00fcr mehr Umsatz!<\/span>[\/vc_column_text][vc_single_image image=&#8221;14761&#8243; img_size=&#8221;full&#8221;][vc_column_text]<\/p>\n<h3><b>9. Steigende Markenbekanntheit<\/b><b><br \/>\n<\/b><b><\/b><\/h3>\n<p><span style=\"font-weight: 400;\">Durch gezieltes Content-Marketing und eine Pr\u00e4senz auf relevanten Messen steigert Remundi fortlaufend die Bekanntheit seiner Marke. Davon profitierst du als Vertriebspartner ebenfalls, da die Nachfrage nach den Produkten stetig w\u00e4chst.<\/span><span style=\"font-weight: 400;\"><br \/>\n<\/span><\/p>\n<h3><b>10. Private Brand im Premiumsegment m\u00f6glich<\/b><\/h3>\n<p><span style=\"font-weight: 400;\">Remundi Grillger\u00e4te kommen auch als Private Brand bei Restaurants, Hotels, Events und im Catering-Bereich als Premium-L\u00f6sung zum Einsatz. Diese Referenzen st\u00e4rken die Marke und erleichtern den Verkauf an anspruchsvolle Privatkunden. Wir fertigen auf Wunsch auch individuelle Grills mit Branding f\u00fcr Kunden und Partner!<\/span><\/p>\n<h2><b>Fazit: Eine starke Partnerschaft im Vertrieb<\/b><\/h2>\n<p><span style=\"font-weight: 400;\">Die Vorteile einer Remundi Vertriebspartnerschaft sind vielf\u00e4ltig: Angefangen bei unseren hochwertigen Produkten \u00fcber Dropshipping-Optionen und umfassende Werbematerialien bis hin zu einem m\u00f6glichen Gebietsschutz f\u00fcr ein ganzes Land bietet dir die Zusammenarbeit alles, was du f\u00fcr den erfolgreichen Verkauf von Grillger\u00e4ten ben\u00f6tigst.<\/span><\/p>\n<p><span style=\"font-weight: 400;\">Du hast Interesse an einer Zusammenarbeit? Dann kontaktiere uns noch heute und werde Remundi Vertriebspartner!\u00a0<\/span><\/p>\n<p><span style=\"font-weight: 400;\">Dein Ansprechpartner ist Andreas Sauer:<\/span><\/p>\n<p><b>Telefon:<\/b><span style=\"font-weight: 400;\"> 02620 \/ 94 09 928<\/span><\/p>\n<p><b>E-Mail:<\/b><a href=\"mailto:sauer@remundi-grill.de\"><span style=\"font-weight: 400;\"> sauer@remundi-grill.de<\/span><\/a><\/p>\n<p><span style=\"font-weight: 400;\">Gemeinsam erschlie\u00dfen wir neue Absatzpotenziale und begeistern Grillfans mit erstklassiger Qualit\u00e4t &#8220;engineered in Germany&#8221;.\u00a0<\/span><\/p>\n<p><span style=\"font-weight: 400;\">Wir freuen uns darauf, mit dir durchzustarten!<\/span>[\/vc_column_text][\/vc_column][vc_column width=&#8221;1\/6&#8243;][\/vc_column][\/vc_row][\/vc_section][vc_section disable_element=&#8221;yes&#8221;][vc_row full_width=&#8221;stretch_row_content_no_spaces&#8221;][vc_column css=&#8221;.vc_custom_1522354031704{padding-right: 18% !important;}&#8221;]<div id=\"ultimate-heading-29706a05aa9483e81\" class=\"uvc-heading ult-adjust-bottom-margin ultimate-heading-29706a05aa9483e81 uvc-9696 \" data-hspacer=\"no_spacer\"  data-halign=\"center\" style=\"text-align:center\"><div class=\"uvc-heading-spacer no_spacer\" style=\"top\"><\/div><div class=\"uvc-sub-heading ult-responsive\"  data-ultimate-target='.uvc-heading.ultimate-heading-29706a05aa9483e81 .uvc-sub-heading '  data-responsive-json-new='{\"font-size\":\"desktop:18px;\",\"line-height\":\"desktop:28px;\"}'  style=\"font-weight:normal;\">Die Remundi Grills sind europaweit erh\u00e4ltlich.<br \/>\nAuf unserer Karte kannst du den Markt deiner Wahl finden und dir unsere Feuerstellen vor Ort live ansehen.<\/p>\n<p>Unsere <a href=\"#distributor\">Distributoren<\/a> findest du weiter unten.<\/div><\/div>[vc_empty_space height=&#8221;50px&#8221;][vc_column_text]<style type=\"text\/css\" id=\"gmpMapStyles_1_1632\">\r\n\t#google_map_easy_1_1632 {\r\n        width: 100%;\r\n        height: 800px;\r\n\t\t\t\t\t\t    }\r\n\t#gmapControlsNum_1_1632 {\r\n\t\twidth:100%\t}\r\n\t.gmpMapDetailsContainer#gmpMapDetailsContainer_1_1632 {\r\n\t\theight:800px;\r\n\t}\r\n\t.gmp_MapPreview#google_map_easy_1_1632 {\r\n\t\t\/*position:absolute;*\/\r\n\t\twidth: 100%;\r\n\t}\r\n\t#mapConElem_1_1632{\r\n\t\twidth: 100%\t}\r\n    .gm-style .gm-style-iw-c{\r\n        padding: 12px!important;\r\n    }\r\n\t    <\/style>\r\n <div class=\"gmp_map_opts\" id=\"mapConElem_1_1632\" data-id=\"1\" data-view-id=\"1_1632\" > <div class=\"gmpMapDetailsContainer\" id=\"gmpMapDetailsContainer_1_1632\"> <i class=\"gmpKMLLayersPreloader fa fa-spinner fa-spin\" aria-hidden=\"true\" style=\"display: none;\"><\/i> <div class=\"gmp_MapPreview \" id=\"google_map_easy_1_1632\"><\/div> <\/div> <div class=\"gmpMapMarkerFilters\" id=\"gmpMapMarkerFilters_1_1632\"> <\/div> <div class=\"gmpMapProControlsCon\" id=\"gmpMapProControlsCon_1_1632\"> <a title=\"WP Google Maps\" style=\"display:none;\" href=\"https:\/\/supsystic.com\/plugins\/google-maps-plugin\/?utm_medium=love_link_hide\" target=\"_blank\" rel=\"noopener\">WP Google Maps<\/a><div style=\"clear: both;\"><\/div> <\/div> <div class=\"gmpMapProDirectionsCon\" id=\"gmpMapProDirectionsCon_1_1632\" > <\/div> <div class=\"gmpMapProKmlFilterCon\" id=\"gmpMapProKmlFilterCon_1_1632\" > <\/div> <div class=\"gmpSocialSharingShell gmpSocialSharingShell_1_1632\"> <\/div> <div style=\"clear: both;\"><\/div> <\/div> [\/vc_column_text][vc_empty_space][\/vc_column][\/vc_row][vc_row el_id=&#8221;distributor&#8221;][vc_column css=&#8221;.vc_custom_1522354031704{padding-right: 18% !important;}&#8221;]<div id=\"ultimate-heading-60946a05aa948bf0e\" class=\"uvc-heading ult-adjust-bottom-margin ultimate-heading-60946a05aa948bf0e uvc-3502 \" data-hspacer=\"no_spacer\"  data-halign=\"center\" style=\"text-align:center\"><div class=\"uvc-heading-spacer no_spacer\" style=\"top\"><\/div><div class=\"uvc-main-heading ult-responsive\"  data-ultimate-target='.uvc-heading.ultimate-heading-60946a05aa948bf0e h2'  data-responsive-json-new='{\"font-size\":\"\",\"line-height\":\"\"}' ><h2 style=\"font-weight:normal;\">Unsere exklusiven Vertriebspartner<\/h2><\/div><\/div>[vc_empty_space height=&#8221;50px&#8221;][\/vc_column][\/vc_row][vc_row][vc_column width=&#8221;1\/4&#8243; css=&#8221;.vc_custom_1547020263683{border-right-width: 1px !important;padding-left: 20px !important;border-right-color: #ededed !important;border-right-style: solid !important;}&#8221;]<div id=\"ultimate-heading-76676a05aa948bf98\" class=\"uvc-heading ult-adjust-bottom-margin ultimate-heading-76676a05aa948bf98 uvc-8510 \" data-hspacer=\"no_spacer\"  data-halign=\"left\" style=\"text-align:left\"><div class=\"uvc-heading-spacer no_spacer\" style=\"top\"><\/div><div class=\"uvc-main-heading ult-responsive\"  data-ultimate-target='.uvc-heading.ultimate-heading-76676a05aa948bf98 h5'  data-responsive-json-new='{\"font-size\":\"\",\"line-height\":\"\"}' ><h5 style=\"font-weight:normal;margin-bottom:30px;\">Exklusiver Distributor f\u00fcr<\/h5><\/div><div class=\"uvc-sub-heading ult-responsive\"  data-ultimate-target='.uvc-heading.ultimate-heading-76676a05aa948bf98 .uvc-sub-heading '  data-responsive-json-new='{\"font-size\":\"desktop:16px;\",\"line-height\":\"desktop:26px;\"}'  style=\"font-weight:normal;\">Niederlande, Belgien und Luxemburg:<\/div><\/div>[vc_empty_space][vc_single_image image=&#8221;11799&#8243; img_size=&#8221;200&#215;47&#8243; css_animation=&#8221;fadeIn&#8221;][vc_column_text]La Tenda BV<br \/>\nSchommelveld 52<br \/>\n5751 EB Deurne<br \/>\nThe Netherlands<\/p>\n<p>Tel. +31 (0) 493 &#8211; 382 858<br \/>\nFax: +31 (0) 493 &#8211; 312 084<br \/>\nE-Mail: info@latenda.nl<\/p>\n<p><a href=\"http:\/\/www.latenda.nl\" target=\"_blank\" rel=\"noopener noreferrer\">www.latenda.nl<\/a>[\/vc_column_text][\/vc_column][vc_column width=&#8221;1\/4&#8243; css=&#8221;.vc_custom_1547020278539{padding-left: 20px !important;}&#8221;]<div id=\"ultimate-heading-39776a05aa948bffe\" class=\"uvc-heading ult-adjust-bottom-margin ultimate-heading-39776a05aa948bffe uvc-9796 \" data-hspacer=\"no_spacer\"  data-halign=\"left\" style=\"text-align:left\"><div class=\"uvc-heading-spacer no_spacer\" style=\"top\"><\/div><div class=\"uvc-main-heading ult-responsive\"  data-ultimate-target='.uvc-heading.ultimate-heading-39776a05aa948bffe h5'  data-responsive-json-new='{\"font-size\":\"\",\"line-height\":\"\"}' ><h5 style=\"font-weight:normal;margin-bottom:30px;\">Exklusiver Distributor f\u00fcr<\/h5><\/div><div class=\"uvc-sub-heading ult-responsive\"  data-ultimate-target='.uvc-heading.ultimate-heading-39776a05aa948bffe .uvc-sub-heading '  data-responsive-json-new='{\"font-size\":\"desktop:16px;\",\"line-height\":\"desktop:26px;\"}'  style=\"font-weight:normal;\">Tschechien und Slowakei:<\/div><\/div>[vc_empty_space][vc_column_text]HHO s.r.o.<br \/>\nInternacion\u00e1ln\u00ed 1231\/8<br \/>\n165 00 Praha 6<br \/>\nTschechien<\/p>\n<p>Telefon: +42 07 77 19 97 07<br \/>\nE-Mail: info@hhoproducts.cz[\/vc_column_text][\/vc_column][vc_column width=&#8221;1\/4&#8243; css=&#8221;.vc_custom_1547020271521{border-right-width: 1px !important;padding-left: 20px !important;border-right-color: #ededed !important;border-right-style: solid !important;}&#8221;]<div id=\"ultimate-heading-23356a05aa948c05c\" class=\"uvc-heading ult-adjust-bottom-margin ultimate-heading-23356a05aa948c05c uvc-4852 \" data-hspacer=\"no_spacer\"  data-halign=\"left\" style=\"text-align:left\"><div class=\"uvc-heading-spacer no_spacer\" style=\"top\"><\/div><div class=\"uvc-main-heading ult-responsive\"  data-ultimate-target='.uvc-heading.ultimate-heading-23356a05aa948c05c h5'  data-responsive-json-new='{\"font-size\":\"\",\"line-height\":\"\"}' ><h5 style=\"font-weight:normal;margin-bottom:30px;\">Exklusiver Distributor f\u00fcr<\/h5><\/div><div class=\"uvc-sub-heading ult-responsive\"  data-ultimate-target='.uvc-heading.ultimate-heading-23356a05aa948c05c .uvc-sub-heading '  data-responsive-json-new='{\"font-size\":\"desktop:16px;\",\"line-height\":\"desktop:26px;\"}'  style=\"font-weight:normal;\">Frankreich:<\/div><\/div>[vc_empty_space][vc_column_text]Soci\u00e9t\u00e9 Eden Partenaire Jardin<br \/>\nSi\u00e8ge &amp; D\u00e9p\u00f4t<br \/>\n2a, Rue du G\u00e9n\u00e9ral Stuhl<br \/>\n57230 BITCHE<br \/>\nFrance<\/p>\n<p>Tel. +33 (0) 3 87 27 22 26<br \/>\nE-Mail: info@epjardin.fr<\/p>\n<p><a href=\"http:\/\/www.eden-partenaire-jardin.fr\" target=\"_blank\" rel=\"noopener noreferrer\">www.eden-partenaire-jardin.fr<\/a>[\/vc_column_text][\/vc_column][vc_column width=&#8221;1\/4&#8243;][\/vc_column][\/vc_row][vc_row][vc_column][vc_separator][\/vc_column][\/vc_row][\/vc_section][vc_row][vc_column css=&#8221;.vc_custom_1522354031704{padding-right: 18% !important;}&#8221;][vc_empty_space height=&#8221;50px&#8221;][\/vc_column][\/vc_row]<\/p>\n<\/div>","protected":false},"excerpt":{"rendered":"<p>[vc_section full_width=&#8221;stretch_row_content&#8221;][vc_row][vc_column width=&#8221;1\/6&#8243;][\/vc_column][vc_column width=&#8221;2\/3&#8243;][vc_empty_space height=&#8221;20px&#8221;][vc_column_text]Du bist auf der Suche nach hochwertigen Grills inklusive passendem Zubeh\u00f6rartikeln, die du in dein Sortiment aufnehmen kannst?\u00a0Dann solltest du unbedingt unsere Premium-Marke Remundi in Betracht ziehen. Als unser Vertriebspartner profitierst du von zahlreichen Vorteilen, die dir helfen, dein Gesch\u00e4ft auszubauen und zufriedene Kunden zu gewinnen.\u00a0 Wir stellen dir 10 gute [&hellip;]<\/p>\n","protected":false},"author":1,"featured_media":0,"parent":0,"menu_order":0,"comment_status":"closed","ping_status":"closed","template":"","meta":{"ocean_post_layout":"","ocean_both_sidebars_style":"","ocean_both_sidebars_content_width":0,"ocean_both_sidebars_sidebars_width":0,"ocean_sidebar":"","ocean_second_sidebar":"","ocean_disable_margins":"enable","ocean_add_body_class":"","ocean_shortcode_before_top_bar":"","ocean_shortcode_after_top_bar":"","ocean_shortcode_before_header":"","ocean_shortcode_after_header":"","ocean_has_shortcode":"","ocean_shortcode_after_title":"","ocean_shortcode_before_footer_widgets":"","ocean_shortcode_after_footer_widgets":"","ocean_shortcode_before_footer_bottom":"","ocean_shortcode_after_footer_bottom":"","ocean_display_top_bar":"default","ocean_display_header":"default","ocean_header_style":"","ocean_center_header_left_menu":"","ocean_custom_header_template":"","ocean_custom_logo":0,"ocean_custom_retina_logo":0,"ocean_custom_logo_max_width":0,"ocean_custom_logo_tablet_max_width":0,"ocean_custom_logo_mobile_max_width":0,"ocean_custom_logo_max_height":0,"ocean_custom_logo_tablet_max_height":0,"ocean_custom_logo_mobile_max_height":0,"ocean_header_custom_menu":"","ocean_menu_typo_font_family":"","ocean_menu_typo_font_subset":"","ocean_menu_typo_font_size":0,"ocean_menu_typo_font_size_tablet":0,"ocean_menu_typo_font_size_mobile":0,"ocean_menu_typo_font_size_unit":"px","ocean_menu_typo_font_weight":"","ocean_menu_typo_font_weight_tablet":"","ocean_menu_typo_font_weight_mobile":"","ocean_menu_typo_transform":"","ocean_menu_typo_transform_tablet":"","ocean_menu_typo_transform_mobile":"","ocean_menu_typo_line_height":0,"ocean_menu_typo_line_height_tablet":0,"ocean_menu_typo_line_height_mobile":0,"ocean_menu_typo_line_height_unit":"","ocean_menu_typo_spacing":0,"ocean_menu_typo_spacing_tablet":0,"ocean_menu_typo_spacing_mobile":0,"ocean_menu_typo_spacing_unit":"","ocean_menu_link_color":"","ocean_menu_link_color_hover":"","ocean_menu_link_color_active":"","ocean_menu_link_background":"","ocean_menu_link_hover_background":"","ocean_menu_link_active_background":"","ocean_menu_social_links_bg":"","ocean_menu_social_hover_links_bg":"","ocean_menu_social_links_color":"","ocean_menu_social_hover_links_color":"","ocean_disable_title":"default","ocean_disable_heading":"default","ocean_post_title":"","ocean_post_subheading":"","ocean_post_title_style":"","ocean_post_title_background_color":"","ocean_post_title_background":0,"ocean_post_title_bg_image_position":"","ocean_post_title_bg_image_attachment":"","ocean_post_title_bg_image_repeat":"","ocean_post_title_bg_image_size":"","ocean_post_title_height":0,"ocean_post_title_bg_overlay":0.5,"ocean_post_title_bg_overlay_color":"","ocean_disable_breadcrumbs":"default","ocean_breadcrumbs_color":"","ocean_breadcrumbs_separator_color":"","ocean_breadcrumbs_links_color":"","ocean_breadcrumbs_links_hover_color":"","ocean_display_footer_widgets":"default","ocean_display_footer_bottom":"default","ocean_custom_footer_template":"","footnotes":""},"class_list":["post-5983","page","type-page","status-publish","hentry","entry","owp-thumbs-layout-horizontal","owp-btn-normal","owp-tabs-layout-horizontal","has-no-thumbnails"],"_links":{"self":[{"href":"https:\/\/www.remundi-grill.de\/fr\/wp-json\/wp\/v2\/pages\/5983","targetHints":{"allow":["GET"]}}],"collection":[{"href":"https:\/\/www.remundi-grill.de\/fr\/wp-json\/wp\/v2\/pages"}],"about":[{"href":"https:\/\/www.remundi-grill.de\/fr\/wp-json\/wp\/v2\/types\/page"}],"author":[{"embeddable":true,"href":"https:\/\/www.remundi-grill.de\/fr\/wp-json\/wp\/v2\/users\/1"}],"replies":[{"embeddable":true,"href":"https:\/\/www.remundi-grill.de\/fr\/wp-json\/wp\/v2\/comments?post=5983"}],"version-history":[{"count":0,"href":"https:\/\/www.remundi-grill.de\/fr\/wp-json\/wp\/v2\/pages\/5983\/revisions"}],"wp:attachment":[{"href":"https:\/\/www.remundi-grill.de\/fr\/wp-json\/wp\/v2\/media?parent=5983"}],"curies":[{"name":"wp","href":"https:\/\/api.w.org\/{rel}","templated":true}]}}