{"id":12182,"date":"2018-10-08T16:10:35","date_gmt":"2018-10-08T14:10:35","guid":{"rendered":"https:\/\/www.remundi-grill.de\/?post_type=product&#038;p=12182"},"modified":"2025-07-07T22:19:46","modified_gmt":"2025-07-07T20:19:46","slug":"exclusive-steel-120-cm","status":"publish","type":"product","link":"https:\/\/www.remundi-grill.de\/fr\/produkt\/exclusive-steel-120-cm\/","title":{"rendered":"Exclusive M"},"content":{"rendered":"<div class=\"wpb-content-wrapper\"><p>[vc_row][vc_column][vc_column_text css=&#8221;&#8221;]Der Remundi Exclusive besteht aus einer ovalen Tischgrillkombination mit B\u00e4nken oder Sesseln, wahlweise in dunkel oder natur und zwei Grillstationen. Er bietet Platz f\u00fcr bis zu zehn Personen.<\/p>\n<p><span style=\"text-decoration: underline;\">Bei Interesse an diesem Produkt, kontaktiere uns direkt:<\/span><\/p>\n<p><strong>Telefon:<\/strong> 0 26 20 \u2013 9 40 99 28<br \/>\n<strong>E-Mail:<\/strong> <a href=\"mailto:info@remundi-grill.de\">info@remundi-grill.de<\/a>[\/vc_column_text][vc_tta_tabs][vc_tta_section title=&#8221;Technische Details&#8221; tab_id=&#8221;1747291679409-60debb2f-3c26&#8243;][vc_column_text css=&#8221;&#8221;]<\/p>\n<table>\n<tbody>\n<tr>\n<td valign=\"top\"><strong>Material Grillstation:<\/strong><\/td>\n<td valign=\"top\"><strong>Artikelnummer:<\/strong><\/td>\n<td valign=\"top\"><strong>EAN:<\/strong><\/td>\n<\/tr>\n<tr>\n<td><img loading=\"lazy\" decoding=\"async\" class=\"alignnone size-full wp-image-12412\" style=\"padding-top: 9px;\" src=\"https:\/\/www.remundi-grill.de\/wp-content\/uploads\/2018\/12\/farbe-silber-1.png\" alt=\"\" width=\"12\" height=\"11\" \/> Stahl<\/td>\n<td>800006<\/td>\n<td>4260549662497<\/td>\n<\/tr>\n<tr>\n<td><img loading=\"lazy\" decoding=\"async\" class=\"alignnone size-full wp-image-12412\" style=\"padding-top: 9px;\" src=\"https:\/\/www.remundi-grill.de\/wp-content\/uploads\/2018\/12\/farbe-rust-1.png\" alt=\"\" width=\"12\" height=\"11\" \/> Polyrattan<\/td>\n<td>800008<\/td>\n<td>4260549662510<\/td>\n<\/tr>\n<\/tbody>\n<\/table>\n<table>\n<tbody>\n<tr>\n<td><strong>Material<\/strong><\/td>\n<td>Edelstahl\/Polyrattan\/Holz<\/td>\n<\/tr>\n<tr>\n<td valign=\"top\"><strong>Gr\u00f6\u00dfe<\/strong> (L x B x H)<\/td>\n<td valign=\"top\">240 x 120 x 197 cm<\/td>\n<\/tr>\n<tr>\n<td valign=\"top\"><strong>Gewicht<\/strong><\/td>\n<td valign=\"top\">ca. 155 kg<\/td>\n<\/tr>\n<tr>\n<td valign=\"top\"><strong>Farbe der M\u00f6bel<\/strong><\/td>\n<td valign=\"top\">Natur oder Dunkel<\/td>\n<\/tr>\n<tr>\n<td valign=\"top\"><strong>Lieferumfang<\/strong><\/td>\n<td valign=\"top\">Remundi Grill Standard Polyrattan, Tisch und 3 B\u00e4nke<br \/>\n(Farbe dunkel), 6 verschiedene Gondeln<br \/>\n(Gefl\u00fcgelgondel, Bratengondel, Fleischgondel,<br \/>\nSuppengondel, Spie\u00dfgondel, Baumstriezelgondel)<br \/>\n<em>Aufsatz w\u00e4hlbar: Gondeln, Tatarenhut oder Platte<\/em><\/td>\n<\/tr>\n<tr>\n<td valign=\"top\"><strong>Optional erh\u00e4ltlich<\/strong><\/td>\n<td valign=\"top\">5 x Handgondel, Grillbeschleuniger,<br \/>\ngegen Aufpreis sind auch Polyrattan St\u00fchle statt B\u00e4nken lieferbar<\/td>\n<\/tr>\n<\/tbody>\n<\/table>\n<p>[\/vc_column_text][\/vc_tta_section][vc_tta_section title=&#8221;Produktsicherheit&#8221; tab_id=&#8221;1747291679423-44fbd693-09cb&#8221;][vc_column_text css=&#8221;&#8221;]<h3><strong>Informations fabricant\/GPSR :<\/strong><\/h3>\n<p>Remundi GmbH <br \/>Siebenbornstra\u00dfe 26 <br \/>56337 Simmern \/ Westerwald (Germany) <br \/>T\u00e9l\u00e9phone +49 26 20 \u2013 9 40 99 28 <br \/>E-mail info@remundi-grill.de<br \/>Web : www.remundi-grill.de<\/p>\n<h3><strong>Consignes de s\u00e9curit\u00e9 importantes :<\/strong><\/h3>\n<p>N'utilisez les grills Remundi qu'en ext\u00e9rieur et <em><strong>jamais<\/strong> <\/em>dans des espaces clos. Risque d'asphyxie par intoxication au monoxyde de carbone ! <br \/>Ne laissez pas le foyer sans surveillance pendant l'utilisation. N'utilisez le grill que sur une surface plane et r\u00e9fractaire. Tenez les enfants \u00e0 l'\u00e9cart.<\/p>\n<h3><strong>Instructions d'entretien :<\/strong><\/h3>\n<p>Vous pouvez t\u00e9l\u00e9charger nos instructions d'entretien pour la plaque de cuisson et les modules de grill au format PDF et les imprimer.<\/p>\n<p>[wpdm_package id='18652']<\/p>\n<p>Vous pouvez \u00e9galement consulter les instructions d'entretien <a title=\"Vers les instructions d'entretien\" href=\"https:\/\/www.remundi-grill.de\/pflegehinweise-fuer-grillplatte-und-grillmodule\/\">ici<\/a>.<\/p>\n<p>Vous trouverez d'autres questions fr\u00e9quemment pos\u00e9es (FAQ) sur nos produits <a title=\"Vers la FAQ\" href=\"https:\/\/www.remundi-grill.de\/faq\/\">ici<\/a>.<\/p>[\/vc_column_text][\/vc_tta_section][\/vc_tta_tabs][\/vc_column][\/vc_row]<\/p>\n<\/div>","protected":false},"excerpt":{"rendered":"<p class=\"product-subtitle\">Die gem\u00fctliche Variante zum Verweilen im Garten.<br \/>\nTischgrillkombination bestehend aus zwei Grillstationen mit Gas \/ 230 Volt<\/p>\n<p><strong>Artikelnummer:<\/strong> 800006<br \/>\n<strong>EAN:<\/strong> 4260222433178<\/p>\n<p class=\"product-bold-headline\">Lieferumfang:<\/p>\n<p>Remundi Grill Basic in Steel, Remundi Grill Plate, Tisch, 2 halbrunde und 2 gerade B\u00e4nke, 6 verschiedene Gondeln (Gefl\u00fcgelgondel, Bratengondel, Fleischgondel, Suppengondel, Spie\u00dfgondel, Fischgondel)<br \/>\n<em>Aufsatz w\u00e4hlbar: Gondeln, Tatarenhut oder Platte<\/em><\/p>\n<p class=\"product-bold-headline\">Technische Details:<\/p>\n<table>\n<tbody>\n<tr>\n<td><strong>Material<\/strong><\/td>\n<td>Edelstahl<\/td>\n<\/tr>\n<tr>\n<td valign=\"top\"><strong>Farbe (w\u00e4hlbar):<\/strong><\/td>\n<td>natur oder dunkel<\/td>\n<\/tr>\n<tr>\n<td valign=\"top\"><strong>Gr\u00f6\u00dfe der Tischplatte:<\/strong><\/td>\n<td>240 x 120 cm<\/td>\n<\/tr>\n<tr>\n<td valign=\"top\"><strong>Personenanzahl:<\/strong><\/td>\n<td>10<\/td>\n<\/tr>\n<tr>\n<td valign=\"top\"><strong>Grillgondeln<br \/>\nverf\u00fcgbar in<\/strong><\/td>\n<td>Edelstahl oder<br \/>\nKeramik (Farbe w\u00e4hlbar)<\/td>\n<\/tr>\n<tr>\n<td valign=\"top\"><strong>Optional:<\/strong><\/td>\n<td>\u2013 Gegen Aufpreis sind auch Polyrattan St\u00fchle<br \/>\nstatt B\u00e4nken lieferbar<br \/>\n\u2013 5 x Handgondel<br \/>\n\u2013 Grillbeschleuniger<\/td>\n<\/tr>\n<\/tbody>\n<\/table>\n","protected":false},"featured_media":14058,"comment_status":"closed","ping_status":"closed","template":"","meta":{"ocean_post_layout":"","ocean_both_sidebars_style":"","ocean_both_sidebars_content_width":0,"ocean_both_sidebars_sidebars_width":0,"ocean_sidebar":"0","ocean_second_sidebar":"0","ocean_disable_margins":"enable","ocean_add_body_class":"","ocean_shortcode_before_top_bar":"","ocean_shortcode_after_top_bar":"","ocean_shortcode_before_header":"","ocean_shortcode_after_header":"","ocean_has_shortcode":"","ocean_shortcode_after_title":"","ocean_shortcode_before_footer_widgets":"","ocean_shortcode_after_footer_widgets":"","ocean_shortcode_before_footer_bottom":"","ocean_shortcode_after_footer_bottom":"","ocean_display_top_bar":"default","ocean_display_header":"default","ocean_header_style":"","ocean_center_header_left_menu":"0","ocean_custom_header_template":"0","ocean_custom_logo":0,"ocean_custom_retina_logo":0,"ocean_custom_logo_max_width":0,"ocean_custom_logo_tablet_max_width":0,"ocean_custom_logo_mobile_max_width":0,"ocean_custom_logo_max_height":0,"ocean_custom_logo_tablet_max_height":0,"ocean_custom_logo_mobile_max_height":0,"ocean_header_custom_menu":"0","ocean_menu_typo_font_family":"0","ocean_menu_typo_font_subset":"","ocean_menu_typo_font_size":0,"ocean_menu_typo_font_size_tablet":0,"ocean_menu_typo_font_size_mobile":0,"ocean_menu_typo_font_size_unit":"px","ocean_menu_typo_font_weight":"","ocean_menu_typo_font_weight_tablet":"","ocean_menu_typo_font_weight_mobile":"","ocean_menu_typo_transform":"","ocean_menu_typo_transform_tablet":"","ocean_menu_typo_transform_mobile":"","ocean_menu_typo_line_height":0,"ocean_menu_typo_line_height_tablet":0,"ocean_menu_typo_line_height_mobile":0,"ocean_menu_typo_line_height_unit":"","ocean_menu_typo_spacing":0,"ocean_menu_typo_spacing_tablet":0,"ocean_menu_typo_spacing_mobile":0,"ocean_menu_typo_spacing_unit":"","ocean_menu_link_color":"","ocean_menu_link_color_hover":"","ocean_menu_link_color_active":"","ocean_menu_link_background":"","ocean_menu_link_hover_background":"","ocean_menu_link_active_background":"","ocean_menu_social_links_bg":"","ocean_menu_social_hover_links_bg":"","ocean_menu_social_links_color":"","ocean_menu_social_hover_links_color":"","ocean_disable_title":"default","ocean_disable_heading":"default","ocean_post_title":"","ocean_post_subheading":"","ocean_post_title_style":"","ocean_post_title_background_color":"","ocean_post_title_background":0,"ocean_post_title_bg_image_position":"","ocean_post_title_bg_image_attachment":"","ocean_post_title_bg_image_repeat":"","ocean_post_title_bg_image_size":"","ocean_post_title_height":0,"ocean_post_title_bg_overlay":0.5,"ocean_post_title_bg_overlay_color":"","ocean_disable_breadcrumbs":"default","ocean_breadcrumbs_color":"","ocean_breadcrumbs_separator_color":"","ocean_breadcrumbs_links_color":"","ocean_breadcrumbs_links_hover_color":"","ocean_display_footer_widgets":"default","ocean_display_footer_bottom":"default","ocean_custom_footer_template":"0"},"product_brand":[],"product_cat":[244],"product_tag":[],"class_list":{"0":"post-12182","1":"product","2":"type-product","3":"status-publish","4":"has-post-thumbnail","6":"product_cat-exclusive","7":"product_shipping_class-versand-accessory","9":"entry","10":"has-media","12":"first","13":"outofstock","14":"taxable","15":"shipping-taxable","16":"product-type-simple","17":"col","18":"span_1_of_5","19":"owp-content-center","20":"owp-thumbs-layout-horizontal","21":"owp-btn-normal","22":"owp-tabs-layout-horizontal","23":"has-no-thumbnails"},"_links":{"self":[{"href":"https:\/\/www.remundi-grill.de\/fr\/wp-json\/wp\/v2\/product\/12182","targetHints":{"allow":["GET"]}}],"collection":[{"href":"https:\/\/www.remundi-grill.de\/fr\/wp-json\/wp\/v2\/product"}],"about":[{"href":"https:\/\/www.remundi-grill.de\/fr\/wp-json\/wp\/v2\/types\/product"}],"replies":[{"embeddable":true,"href":"https:\/\/www.remundi-grill.de\/fr\/wp-json\/wp\/v2\/comments?post=12182"}],"wp:featuredmedia":[{"embeddable":true,"href":"https:\/\/www.remundi-grill.de\/fr\/wp-json\/wp\/v2\/media\/14058"}],"wp:attachment":[{"href":"https:\/\/www.remundi-grill.de\/fr\/wp-json\/wp\/v2\/media?parent=12182"}],"wp:term":[{"taxonomy":"product_brand","embeddable":true,"href":"https:\/\/www.remundi-grill.de\/fr\/wp-json\/wp\/v2\/product_brand?post=12182"},{"taxonomy":"product_cat","embeddable":true,"href":"https:\/\/www.remundi-grill.de\/fr\/wp-json\/wp\/v2\/product_cat?post=12182"},{"taxonomy":"product_tag","embeddable":true,"href":"https:\/\/www.remundi-grill.de\/fr\/wp-json\/wp\/v2\/product_tag?post=12182"}],"curies":[{"name":"wp","href":"https:\/\/api.w.org\/{rel}","templated":true}]}}