{"id":20970,"date":"2026-05-10T19:34:16","date_gmt":"2026-05-10T17:34:16","guid":{"rendered":"https:\/\/www.remundi-grill.de\/produkt\/zelos-l\/"},"modified":"2026-05-10T19:34:17","modified_gmt":"2026-05-10T17:34:17","slug":"zelos-l","status":"publish","type":"product","link":"https:\/\/www.remundi-grill.de\/fr\/produkt\/zelos-l\/","title":{"rendered":"Zelos L"},"content":{"rendered":"<div class=\"wpb-content-wrapper\"><p>[vc_row][vc_column][vc_column_text css=&#8221;&#8221;]Le Remundi Zelos L permet de vider facilement et en toute s\u00e9curit\u00e9 les cendres produites gr\u00e2ce \u00e0 un tiroir amovible. Il offre de la place dans la zone du socle pour le bois de chauffage et le bois de chauffe, par exemple. <\/p>\n<p>De plus, gr\u00e2ce \u00e0 sa conception innovante, le Remundi Zelos peut \u00eatre compl\u00e9t\u00e9 par des t\u00f4les lat\u00e9rales et des accessoires. De nouvelles possibilit\u00e9s s&#8217;offrent ainsi \u00e0 vous.[\/vc_column_text][vc_tta_tabs][vc_tta_section title=&#8221;D\u00e9tails techniques&#8221; tab_id=&#8221;1747291679409-60debb2f-3c26&#8243;][vc_column_text css=&#8221;&#8221;]<\/p>\n<table>\n<tbody>\n<tr>\n<td><strong>couleur :<\/strong><\/td>\n<td><strong>R\u00e9f\u00e9rence de l&#8217;article :<\/strong><\/td>\n<td><strong>EAN :<\/strong><\/td>\n<\/tr>\n<tr>\n<td><img loading=\"lazy\" decoding=\"async\" class=\"alignnone size-full wp-image-12412\" style=\"padding-top: 9px;\" src=\"https:\/\/www.remundi-grill.de\/wp-content\/uploads\/2018\/12\/farbe-rust-1.png\" alt=\"\" width=\"12\" height=\"11\"> Rusty<\/td>\n<td>801144<\/td>\n<td>4260549663418<\/td>\n<\/tr>\n<\/tbody>\n<\/table>\n<table>\n<tbody>\n<tr>\n<td><strong>Mat\u00e9riau<\/strong><\/td>\n<td>Acier\/Inox<\/td>\n<\/tr>\n<tr>\n<td><strong>Taille<\/strong> (L x l x H)<\/td>\n<td valign=\"top\">102 x 102 x 98 cm<\/td>\n<\/tr>\n<tr>\n<td><strong>Plaque de cuisson \u00d8<\/strong><\/td>\n<td>102 cm<\/td>\n<\/tr>\n<tr>\n<td><strong>\u00c9paisseur de la plaque de gril<\/strong><\/td>\n<td>6 mm<\/td>\n<\/tr>\n<tr>\n<td><strong>Poids<\/strong><\/td>\n<td>environ 82,6 kg<\/td>\n<\/tr>\n<tr>\n<td><strong>Dimensions de rangement<\/strong> (L x l x H)<\/td>\n<td valign=\"top\">104 x 104 x 29 cm<\/td>\n<\/tr>\n<tr>\n<td><strong>Poids<\/strong> avec emballage <\/td>\n<td>environ 87,6 kg<\/td>\n<\/tr>\n<tr>\n<td valign=\"top\"><strong>Contenu de la livraison<\/strong><\/td>\n<td>Plaque de cuisson, plaque de cuisson en acier et socle<\/td>\n<\/tr>\n<\/tbody>\n<\/table>\n<p>[\/vc_column_text][\/vc_tta_section][vc_tta_section title=&#8221;Comparaison des tailles&#8221; tab_id=&#8221;1747293539864-39a2753a-f98a&#8221;][vc_single_image image=&#8221;18665&#8243; img_size=&#8221;full&#8221; css=&#8221;&#8221;][\/vc_tta_section][vc_tta_section title=&#8221;S\u00e9curit\u00e9 des produits&#8221; tab_id=&#8221;1747291679423-44fbd693-09cb&#8221;][vc_column_text css=&#8221;&#8221;]<h3><strong>Informations fabricant\/GPSR :<\/strong><\/h3>\n<p>Remundi GmbH <br \/>Siebenbornstra\u00dfe 26 <br \/>56337 Simmern \/ Westerwald (Germany) <br \/>T\u00e9l\u00e9phone +49 26 20 \u2013 9 40 99 28 <br \/>E-mail info@remundi-grill.de<br \/>Web : www.remundi-grill.de<\/p>\n<h3><strong>Consignes de s\u00e9curit\u00e9 importantes :<\/strong><\/h3>\n<p>N'utilisez les grills Remundi qu'en ext\u00e9rieur et <em><strong>jamais<\/strong> <\/em>dans des espaces clos. Risque d'asphyxie par intoxication au monoxyde de carbone ! <br \/>Ne laissez pas le foyer sans surveillance pendant l'utilisation. N'utilisez le grill que sur une surface plane et r\u00e9fractaire. Tenez les enfants \u00e0 l'\u00e9cart.<\/p>\n<h3><strong>Instructions d'entretien :<\/strong><\/h3>\n<p>Vous pouvez t\u00e9l\u00e9charger nos instructions d'entretien pour la plaque de cuisson et les modules de grill au format PDF et les imprimer.<\/p>\n<p>[wpdm_package id='18652']<\/p>\n<p>Vous pouvez \u00e9galement consulter les instructions d'entretien <a title=\"Vers les instructions d'entretien\" href=\"https:\/\/www.remundi-grill.de\/pflegehinweise-fuer-grillplatte-und-grillmodule\/\">ici<\/a>.<\/p>\n<p>Vous trouverez d'autres questions fr\u00e9quemment pos\u00e9es (FAQ) sur nos produits <a title=\"Vers la FAQ\" href=\"https:\/\/www.remundi-grill.de\/faq\/\">ici<\/a>.<\/p>[\/vc_column_text][\/vc_tta_section][\/vc_tta_tabs][\/vc_column][\/vc_row]<\/p>\n<\/div>","protected":false},"excerpt":{"rendered":"<p><img loading=\"lazy\" decoding=\"async\" class=\"size-full wp-image-14725\" src=\"https:\/\/www.remundi-grill.de\/wp-content\/uploads\/2019\/05\/remundi-basic-zelos-atmo.jpg\" alt=\"\" width=\"1000\" height=\"550\" srcset=\"https:\/\/www.remundi-grill.de\/wp-content\/uploads\/2019\/05\/remundi-basic-zelos-atmo.jpg 1000w, https:\/\/www.remundi-grill.de\/wp-content\/uploads\/2019\/05\/remundi-basic-zelos-atmo-700x385.jpg 700w, https:\/\/www.remundi-grill.de\/wp-content\/uploads\/2019\/05\/remundi-basic-zelos-atmo-300x165.jpg 300w, https:\/\/www.remundi-grill.de\/wp-content\/uploads\/2019\/05\/remundi-basic-zelos-atmo-768x422.jpg 768w\" sizes=\"auto, (max-width: 1000px) 100vw, 1000px\" \/><\/p>\n","protected":false},"featured_media":21003,"comment_status":"closed","ping_status":"closed","template":"","meta":{"ocean_post_layout":"","ocean_both_sidebars_style":"","ocean_both_sidebars_content_width":0,"ocean_both_sidebars_sidebars_width":0,"ocean_sidebar":"0","ocean_second_sidebar":"0","ocean_disable_margins":"enable","ocean_add_body_class":"","ocean_shortcode_before_top_bar":"","ocean_shortcode_after_top_bar":"","ocean_shortcode_before_header":"","ocean_shortcode_after_header":"","ocean_has_shortcode":"","ocean_shortcode_after_title":"","ocean_shortcode_before_footer_widgets":"","ocean_shortcode_after_footer_widgets":"","ocean_shortcode_before_footer_bottom":"","ocean_shortcode_after_footer_bottom":"","ocean_display_top_bar":"default","ocean_display_header":"default","ocean_header_style":"","ocean_center_header_left_menu":"0","ocean_custom_header_template":"0","ocean_custom_logo":0,"ocean_custom_retina_logo":0,"ocean_custom_logo_max_width":0,"ocean_custom_logo_tablet_max_width":0,"ocean_custom_logo_mobile_max_width":0,"ocean_custom_logo_max_height":0,"ocean_custom_logo_tablet_max_height":0,"ocean_custom_logo_mobile_max_height":0,"ocean_header_custom_menu":"0","ocean_menu_typo_font_family":"0","ocean_menu_typo_font_subset":"","ocean_menu_typo_font_size":0,"ocean_menu_typo_font_size_tablet":0,"ocean_menu_typo_font_size_mobile":0,"ocean_menu_typo_font_size_unit":"px","ocean_menu_typo_font_weight":"","ocean_menu_typo_font_weight_tablet":"","ocean_menu_typo_font_weight_mobile":"","ocean_menu_typo_transform":"","ocean_menu_typo_transform_tablet":"","ocean_menu_typo_transform_mobile":"","ocean_menu_typo_line_height":0,"ocean_menu_typo_line_height_tablet":0,"ocean_menu_typo_line_height_mobile":0,"ocean_menu_typo_line_height_unit":"","ocean_menu_typo_spacing":0,"ocean_menu_typo_spacing_tablet":0,"ocean_menu_typo_spacing_mobile":0,"ocean_menu_typo_spacing_unit":"","ocean_menu_link_color":"","ocean_menu_link_color_hover":"","ocean_menu_link_color_active":"","ocean_menu_link_background":"","ocean_menu_link_hover_background":"","ocean_menu_link_active_background":"","ocean_menu_social_links_bg":"","ocean_menu_social_hover_links_bg":"","ocean_menu_social_links_color":"","ocean_menu_social_hover_links_color":"","ocean_disable_title":"default","ocean_disable_heading":"default","ocean_post_title":"","ocean_post_subheading":"","ocean_post_title_style":"","ocean_post_title_background_color":"","ocean_post_title_background":0,"ocean_post_title_bg_image_position":"","ocean_post_title_bg_image_attachment":"","ocean_post_title_bg_image_repeat":"","ocean_post_title_bg_image_size":"","ocean_post_title_height":0,"ocean_post_title_bg_overlay":0.5,"ocean_post_title_bg_overlay_color":"","ocean_disable_breadcrumbs":"default","ocean_breadcrumbs_color":"","ocean_breadcrumbs_separator_color":"","ocean_breadcrumbs_links_color":"","ocean_breadcrumbs_links_hover_color":"","ocean_display_footer_widgets":"default","ocean_display_footer_bottom":"default","ocean_custom_footer_template":"0"},"product_brand":[],"product_cat":[516],"product_tag":[],"class_list":{"0":"post-20970","1":"product","2":"type-product","3":"status-publish","4":"has-post-thumbnail","6":"product_cat-modeles-basic","7":"product_shipping_class-expedition-barbecue","9":"entry","10":"has-media","12":"first","13":"instock","14":"taxable","15":"shipping-taxable","16":"purchasable","17":"product-type-simple","18":"col","19":"span_1_of_5","20":"owp-content-center","21":"owp-thumbs-layout-horizontal","22":"owp-btn-normal","23":"owp-tabs-layout-horizontal"},"_links":{"self":[{"href":"https:\/\/www.remundi-grill.de\/fr\/wp-json\/wp\/v2\/product\/20970","targetHints":{"allow":["GET"]}}],"collection":[{"href":"https:\/\/www.remundi-grill.de\/fr\/wp-json\/wp\/v2\/product"}],"about":[{"href":"https:\/\/www.remundi-grill.de\/fr\/wp-json\/wp\/v2\/types\/product"}],"replies":[{"embeddable":true,"href":"https:\/\/www.remundi-grill.de\/fr\/wp-json\/wp\/v2\/comments?post=20970"}],"wp:featuredmedia":[{"embeddable":true,"href":"https:\/\/www.remundi-grill.de\/fr\/wp-json\/wp\/v2\/media\/21003"}],"wp:attachment":[{"href":"https:\/\/www.remundi-grill.de\/fr\/wp-json\/wp\/v2\/media?parent=20970"}],"wp:term":[{"taxonomy":"product_brand","embeddable":true,"href":"https:\/\/www.remundi-grill.de\/fr\/wp-json\/wp\/v2\/product_brand?post=20970"},{"taxonomy":"product_cat","embeddable":true,"href":"https:\/\/www.remundi-grill.de\/fr\/wp-json\/wp\/v2\/product_cat?post=20970"},{"taxonomy":"product_tag","embeddable":true,"href":"https:\/\/www.remundi-grill.de\/fr\/wp-json\/wp\/v2\/product_tag?post=20970"}],"curies":[{"name":"wp","href":"https:\/\/api.w.org\/{rel}","templated":true}]}}