{"id":21185,"date":"2026-05-10T19:42:00","date_gmt":"2026-05-10T17:42:00","guid":{"rendered":"https:\/\/www.remundi-grill.de\/produkt\/phoenix-l\/"},"modified":"2026-05-10T19:42:05","modified_gmt":"2026-05-10T17:42:05","slug":"phoenix-l","status":"publish","type":"product","link":"https:\/\/www.remundi-grill.de\/fr\/produkt\/phoenix-l\/","title":{"rendered":"Phoenix L"},"content":{"rendered":"<div class=\"wpb-content-wrapper\"><p>[vc_row][vc_column][vc_column_text css=&#8221;&#8221;]Un design intemporel et des courbes \u00e9l\u00e9gantes. Notre Phoenix est de couleur noire. Il est livr\u00e9 de s\u00e9rie avec deux tablettes amovibles en granit. La surface unique attire l&#8217;attention dans chaque jardin.<br \/>\n[\/vc_column_text][vc_tta_tabs][vc_tta_section title=&#8221;D\u00e9tails techniques&#8221; tab_id=&#8221;1747291679409-60debb2f-3c26&#8243;][vc_column_text css=&#8221;&#8221;]<\/p>\n<table>\n<tbody>\n<tr>\n<td><strong>couleur :<\/strong><\/td>\n<td><strong>R\u00e9f\u00e9rence de l&#8217;article :<\/strong><\/td>\n<td><strong>EAN :<\/strong><\/td>\n<\/tr>\n<tr>\n<td><img loading=\"lazy\" decoding=\"async\" class=\"alignnone size-full wp-image-12418\" style=\"padding-top: 9px;\" src=\"https:\/\/www.remundi-grill.de\/wp-content\/uploads\/2018\/12\/farbe-black-1.png\" alt=\"\" width=\"12\" height=\"11\"> Noir<\/td>\n<td>801134<\/td>\n<td>4260549661537<\/td>\n<\/tr>\n<\/tbody>\n<\/table>\n<table>\n<tbody>\n<tr>\n<td><strong>Mat\u00e9riau<\/strong><\/td>\n<td>Acier\/inox\/acier rev\u00eatu par poudre<\/td>\n<\/tr>\n<tr>\n<td><strong>Taille<\/strong> (L x l x H)<\/td>\n<td valign=\"top\">99 x 99 x 101 cm<\/td>\n<\/tr>\n<tr>\n<td><strong>Plaque de cuisson \u00d8<\/strong><\/td>\n<td>99 cm<\/td>\n<\/tr>\n<tr>\n<td><strong>\u00c9paisseur de la plaque de gril<\/strong><\/td>\n<td>10 mm<\/td>\n<\/tr>\n<tr>\n<td><strong>Grille de cuisson \u00d8<\/strong><\/td>\n<td>45 cm<\/td>\n<\/tr>\n<tr>\n<td><strong>Poids<\/strong><\/td>\n<td>environ 85 kg<\/td>\n<\/tr>\n<tr>\n<td><strong>Dimensions de rangement<\/strong> (L x l x H)<\/td>\n<td valign=\"top\">104 x 104 x 70,4 cm<\/td>\n<\/tr>\n<tr>\n<td valign=\"top\"><strong>Contenu de la livraison<\/strong><\/td>\n<td>Plaque de cuisson en acier, socle, deux \u00e9tag\u00e8res en granit, r\u00e9glage de l&#8217;arriv\u00e9e d&#8217;air, grille \u00e0 cendres et seau \u00e0 cendres<\/td>\n<\/tr>\n<\/tbody>\n<\/table>\n<p>[\/vc_column_text][\/vc_tta_section][vc_tta_section title=&#8221;Comparaison des tailles&#8221; tab_id=&#8221;1747293539864-39a2753a-f98a&#8221;][vc_single_image image=&#8221;21121&#8243; img_size=&#8221;full&#8221; css=&#8221;&#8221;][\/vc_tta_section][vc_tta_section title=&#8221;S\u00e9curit\u00e9 des produits&#8221; tab_id=&#8221;1747291679423-44fbd693-09cb&#8221;][vc_column_text css=&#8221;&#8221;]<h3><strong>Informations fabricant\/GPSR :<\/strong><\/h3>\n<p>Remundi GmbH <br \/>Siebenbornstra\u00dfe 26 <br \/>56337 Simmern \/ Westerwald (Germany) <br \/>T\u00e9l\u00e9phone +49 26 20 \u2013 9 40 99 28 <br \/>E-mail info@remundi-grill.de<br \/>Web : www.remundi-grill.de<\/p>\n<h3><strong>Consignes de s\u00e9curit\u00e9 importantes :<\/strong><\/h3>\n<p>N'utilisez les grills Remundi qu'en ext\u00e9rieur et <em><strong>jamais<\/strong> <\/em>dans des espaces clos. Risque d'asphyxie par intoxication au monoxyde de carbone ! <br \/>Ne laissez pas le foyer sans surveillance pendant l'utilisation. N'utilisez le grill que sur une surface plane et r\u00e9fractaire. Tenez les enfants \u00e0 l'\u00e9cart.<\/p>\n<h3><strong>Instructions d'entretien :<\/strong><\/h3>\n<p>Vous pouvez t\u00e9l\u00e9charger nos instructions d'entretien pour la plaque de cuisson et les modules de grill au format PDF et les imprimer.<\/p>\n<p>[wpdm_package id='18652']<\/p>\n<p>Vous pouvez \u00e9galement consulter les instructions d'entretien <a title=\"Vers les instructions d'entretien\" href=\"https:\/\/www.remundi-grill.de\/pflegehinweise-fuer-grillplatte-und-grillmodule\/\">ici<\/a>.<\/p>\n<p>Vous trouverez d'autres questions fr\u00e9quemment pos\u00e9es (FAQ) sur nos produits <a title=\"Vers la FAQ\" href=\"https:\/\/www.remundi-grill.de\/faq\/\">ici<\/a>.<\/p>[\/vc_column_text][\/vc_tta_section][\/vc_tta_tabs][\/vc_column][\/vc_row]<\/p>\n<\/div>","protected":false},"excerpt":{"rendered":"<p><img loading=\"lazy\" decoding=\"async\" width=\"1000\" height=\"1000\" class=\"alignnone size-full wp-image-13153\" src=\"https:\/\/www.remundi-grill.de\/wp-content\/uploads\/2018\/12\/phoenix-L-2.jpg\" alt=\"\" srcset=\"https:\/\/www.remundi-grill.de\/wp-content\/uploads\/2018\/12\/phoenix-L-2.jpg 1000w, https:\/\/www.remundi-grill.de\/wp-content\/uploads\/2018\/12\/phoenix-L-2-344x344.jpg 344w, https:\/\/www.remundi-grill.de\/wp-content\/uploads\/2018\/12\/phoenix-L-2-100x100.jpg 100w, https:\/\/www.remundi-grill.de\/wp-content\/uploads\/2018\/12\/phoenix-L-2-700x700.jpg 700w, https:\/\/www.remundi-grill.de\/wp-content\/uploads\/2018\/12\/phoenix-L-2-150x150.jpg 150w, https:\/\/www.remundi-grill.de\/wp-content\/uploads\/2018\/12\/phoenix-L-2-300x300.jpg 300w, https:\/\/www.remundi-grill.de\/wp-content\/uploads\/2018\/12\/phoenix-L-2-768x768.jpg 768w\" sizes=\"auto, (max-width: 1000px) 100vw, 1000px\" \/><\/p>\n","protected":false},"featured_media":21191,"comment_status":"closed","ping_status":"closed","template":"","meta":{"ocean_post_layout":"","ocean_both_sidebars_style":"","ocean_both_sidebars_content_width":0,"ocean_both_sidebars_sidebars_width":0,"ocean_sidebar":"0","ocean_second_sidebar":"0","ocean_disable_margins":"enable","ocean_add_body_class":"","ocean_shortcode_before_top_bar":"","ocean_shortcode_after_top_bar":"","ocean_shortcode_before_header":"","ocean_shortcode_after_header":"","ocean_has_shortcode":"","ocean_shortcode_after_title":"","ocean_shortcode_before_footer_widgets":"","ocean_shortcode_after_footer_widgets":"","ocean_shortcode_before_footer_bottom":"","ocean_shortcode_after_footer_bottom":"","ocean_display_top_bar":"default","ocean_display_header":"default","ocean_header_style":"","ocean_center_header_left_menu":"0","ocean_custom_header_template":"0","ocean_custom_logo":0,"ocean_custom_retina_logo":0,"ocean_custom_logo_max_width":0,"ocean_custom_logo_tablet_max_width":0,"ocean_custom_logo_mobile_max_width":0,"ocean_custom_logo_max_height":0,"ocean_custom_logo_tablet_max_height":0,"ocean_custom_logo_mobile_max_height":0,"ocean_header_custom_menu":"0","ocean_menu_typo_font_family":"0","ocean_menu_typo_font_subset":"","ocean_menu_typo_font_size":0,"ocean_menu_typo_font_size_tablet":0,"ocean_menu_typo_font_size_mobile":0,"ocean_menu_typo_font_size_unit":"px","ocean_menu_typo_font_weight":"","ocean_menu_typo_font_weight_tablet":"","ocean_menu_typo_font_weight_mobile":"","ocean_menu_typo_transform":"","ocean_menu_typo_transform_tablet":"","ocean_menu_typo_transform_mobile":"","ocean_menu_typo_line_height":0,"ocean_menu_typo_line_height_tablet":0,"ocean_menu_typo_line_height_mobile":0,"ocean_menu_typo_line_height_unit":"","ocean_menu_typo_spacing":0,"ocean_menu_typo_spacing_tablet":0,"ocean_menu_typo_spacing_mobile":0,"ocean_menu_typo_spacing_unit":"","ocean_menu_link_color":"","ocean_menu_link_color_hover":"","ocean_menu_link_color_active":"","ocean_menu_link_background":"","ocean_menu_link_hover_background":"","ocean_menu_link_active_background":"","ocean_menu_social_links_bg":"","ocean_menu_social_hover_links_bg":"","ocean_menu_social_links_color":"","ocean_menu_social_hover_links_color":"","ocean_disable_title":"default","ocean_disable_heading":"default","ocean_post_title":"","ocean_post_subheading":"","ocean_post_title_style":"","ocean_post_title_background_color":"","ocean_post_title_background":0,"ocean_post_title_bg_image_position":"","ocean_post_title_bg_image_attachment":"","ocean_post_title_bg_image_repeat":"","ocean_post_title_bg_image_size":"","ocean_post_title_height":0,"ocean_post_title_bg_overlay":0.5,"ocean_post_title_bg_overlay_color":"","ocean_disable_breadcrumbs":"default","ocean_breadcrumbs_color":"","ocean_breadcrumbs_separator_color":"","ocean_breadcrumbs_links_color":"","ocean_breadcrumbs_links_hover_color":"","ocean_display_footer_widgets":"default","ocean_display_footer_bottom":"default","ocean_custom_footer_template":"0"},"product_brand":[],"product_cat":[513],"product_tag":[],"class_list":{"0":"post-21185","1":"product","2":"type-product","3":"status-publish","4":"has-post-thumbnail","6":"product_cat-phoenix","7":"product_shipping_class-expedition-barbecue","9":"entry","10":"has-media","12":"first","13":"instock","14":"taxable","15":"shipping-taxable","16":"purchasable","17":"product-type-simple","18":"col","19":"span_1_of_5","20":"owp-content-center","21":"owp-thumbs-layout-horizontal","22":"owp-btn-normal","23":"owp-tabs-layout-horizontal","24":"has-no-thumbnails"},"_links":{"self":[{"href":"https:\/\/www.remundi-grill.de\/fr\/wp-json\/wp\/v2\/product\/21185","targetHints":{"allow":["GET"]}}],"collection":[{"href":"https:\/\/www.remundi-grill.de\/fr\/wp-json\/wp\/v2\/product"}],"about":[{"href":"https:\/\/www.remundi-grill.de\/fr\/wp-json\/wp\/v2\/types\/product"}],"replies":[{"embeddable":true,"href":"https:\/\/www.remundi-grill.de\/fr\/wp-json\/wp\/v2\/comments?post=21185"}],"wp:featuredmedia":[{"embeddable":true,"href":"https:\/\/www.remundi-grill.de\/fr\/wp-json\/wp\/v2\/media\/21191"}],"wp:attachment":[{"href":"https:\/\/www.remundi-grill.de\/fr\/wp-json\/wp\/v2\/media?parent=21185"}],"wp:term":[{"taxonomy":"product_brand","embeddable":true,"href":"https:\/\/www.remundi-grill.de\/fr\/wp-json\/wp\/v2\/product_brand?post=21185"},{"taxonomy":"product_cat","embeddable":true,"href":"https:\/\/www.remundi-grill.de\/fr\/wp-json\/wp\/v2\/product_cat?post=21185"},{"taxonomy":"product_tag","embeddable":true,"href":"https:\/\/www.remundi-grill.de\/fr\/wp-json\/wp\/v2\/product_tag?post=21185"}],"curies":[{"name":"wp","href":"https:\/\/api.w.org\/{rel}","templated":true}]}}