{"id":6298,"date":"2017-02-15T16:39:09","date_gmt":"2017-02-15T14:39:09","guid":{"rendered":"https:\/\/www.remundi-grill.de\/?page_id=6298"},"modified":"2025-12-01T16:41:58","modified_gmt":"2025-12-01T14:41:58","slug":"remundi-classics","status":"publish","type":"page","link":"https:\/\/www.remundi-grill.de\/nl\/remundi-classics\/","title":{"rendered":"Remundi Classic"},"content":{"rendered":"<div class=\"wpb-content-wrapper\"><p>[vc_row full_width=&#8221;stretch_row&#8221; parallax=&#8221;content-moving&#8221; parallax_image=&#8221;14496&#8243; bg_type=&#8221;bg_color&#8221; css=&#8221;.vc_custom_1551861565514{margin-bottom: 30px !important;}&#8221;][vc_column width=&#8221;1\/6&#8243;][\/vc_column][vc_column width=&#8221;2\/3&#8243;][vc_empty_space height=&#8221;120px&#8221;][vc_custom_heading text=&#8221;Remundi Classic: Das Grillerlebnis der besonderen Art&#8221; font_container=&#8221;tag:h1|text_align:center|color:%23FFFFFF&#8221; use_theme_fonts=&#8221;yes&#8221; css=&#8221;&#8221;][vc_empty_space height=&#8221;10px&#8221;][vc_custom_heading text=&#8221;Ideal f\u00fcr Familienfeiern, Partys oder ein nettes Beisammensein am Abend.&#8221; font_container=&#8221;tag:div|text_align:center|color:%23FFFFFF&#8221; use_theme_fonts=&#8221;yes&#8221; css=&#8221;&#8221; el_class=&#8221;sub-heading&#8221;][vc_empty_space height=&#8221;100px&#8221;][\/vc_column][vc_column width=&#8221;1\/6&#8243;][\/vc_column][\/vc_row][vc_row content_placement=&#8221;middle&#8221; css=&#8221;.vc_custom_1738924383055{margin-top: 30px !important;margin-bottom: 20px !important;}&#8221;][vc_column width=&#8221;1\/3&#8243;][vc_custom_heading text=&#8221;Das revolution\u00e4re Grillsystem&#8221; font_container=&#8221;tag:h2|text_align:left|color:%23000000&#8243; use_theme_fonts=&#8221;yes&#8221; css=&#8221;&#8221;][vc_empty_space height=&#8221;10px&#8221;][vc_custom_heading text=&#8221;Der Remundi Classic Grill definiert ein v\u00f6llig neues Grillerlebnis, das du so noch nicht gesehen hast. Mit einem einzigen Grill l\u00e4sst sich eine ganze Partygesellschaft mit jeglicher Art von Grillgut verk\u00f6stigen.&#8221; font_container=&#8221;tag:div|text_align:left|color:%23000000&#8243; use_theme_fonts=&#8221;yes&#8221; css=&#8221;&#8221; el_class=&#8221;sub-heading&#8221;][vc_empty_space height=&#8221;10px&#8221;][vc_column_text]Ob Steaks, Spie\u00dfe, Gem\u00fcse, Fisch, Gl\u00fchwein oder sogar Baumstriezel \u2013 mit dem Remundi Grill ist alles m\u00f6glich.<\/p>\n<p>Die vielf\u00e4ltigen Kombinationsm\u00f6glichkeiten der Grillgondeln bieten Grillgenuss f\u00fcr jedermann.[\/vc_column_text][\/vc_column][vc_column width=&#8221;2\/3&#8243; offset=&#8221;vc_col-xs-12&#8243; css=&#8221;.vc_custom_1551787707244{padding-left: 5% !important;}&#8221;][vc_single_image image=&#8221;14387&#8243; img_size=&#8221;full&#8221; css_animation=&#8221;none&#8221; css=&#8221;&#8221;][vc_empty_space height=&#8221;30px&#8221;][vc_row_inner][vc_column_inner width=&#8221;1\/4&#8243;][vc_custom_heading text=&#8221;Mehrfach ausgezeichnet f\u00fcr Innovation&#8221; font_container=&#8221;tag:div|text_align:left|color:%23000000&#8243; use_theme_fonts=&#8221;yes&#8221; css=&#8221;&#8221; el_class=&#8221;sub-heading&#8221;][\/vc_column_inner][vc_column_inner width=&#8221;1\/4&#8243;][vc_single_image image=&#8221;14441&#8243; img_size=&#8221;full&#8221; alignment=&#8221;center&#8221; css_animation=&#8221;fadeInLeft&#8221; css=&#8221;&#8221;][\/vc_column_inner][vc_column_inner width=&#8221;1\/4&#8243;][vc_single_image image=&#8221;14435&#8243; img_size=&#8221;full&#8221; alignment=&#8221;center&#8221; css_animation=&#8221;fadeInLeft&#8221; css=&#8221;&#8221;][\/vc_column_inner][vc_column_inner width=&#8221;1\/4&#8243;][vc_single_image image=&#8221;6067&#8243; img_size=&#8221;498&#215;400&#8243; css_animation=&#8221;fadeInLeft&#8221; css=&#8221;&#8221;][\/vc_column_inner][\/vc_row_inner][\/vc_column][\/vc_row][vc_row full_width=&#8221;stretch_row_content_no_spaces&#8221; content_placement=&#8221;middle&#8221; css=&#8221;.vc_custom_1738924486975{margin-bottom: 0px !important;}&#8221;][vc_column width=&#8221;2\/3&#8243; offset=&#8221;vc_col-lg-8&#8243;][vc_single_image image=&#8221;14418&#8243; img_size=&#8221;full&#8221; css_animation=&#8221;none&#8221; css=&#8221;&#8221;][\/vc_column][vc_column width=&#8221;1\/3&#8243; offset=&#8221;vc_col-lg-4&#8243;][vc_row_inner][vc_column_inner width=&#8221;2\/3&#8243; css=&#8221;.vc_custom_1551858737210{padding-right: 30px !important;padding-left: 30px !important;}&#8221;][vc_custom_heading text=&#8221;Lust auf Wintergrillen?&#8221; font_container=&#8221;tag:h2|text_align:left|color:%23000000&#8243; use_theme_fonts=&#8221;yes&#8221; css=&#8221;&#8221;][vc_empty_space height=&#8221;10px&#8221;][vc_custom_heading text=&#8221;Der Remundi Classic ist die optimale L\u00f6sung f\u00fcr das Grillerlebnis im Winter. Dank der W\u00e4rme des Heizstrahlers bleibt es beim Grillen, auch wenn die Temperaturen sinken, angenehm warm und gem\u00fctlich.&#8221; font_container=&#8221;tag:div|text_align:left|color:%23000000&#8243; use_theme_fonts=&#8221;yes&#8221; css=&#8221;&#8221; el_class=&#8221;sub-heading&#8221;][vc_empty_space height=&#8221;10px&#8221;][vc_column_text]Die Zubereitung von Gl\u00fchwein im Topf und leckerem Geb\u00e4ck am Baumstriezel verwandelt sogar den k\u00e4ltesten Winterabend in ein gem\u00fctliches Grill- und Genusserlebnis \u2764[\/vc_column_text][\/vc_column_inner][vc_column_inner width=&#8221;1\/3&#8243; offset=&#8221;vc_hidden-md vc_hidden-sm vc_hidden-xs&#8221;][\/vc_column_inner][\/vc_row_inner][\/vc_column][\/vc_row][vc_row full_width=&#8221;stretch_row&#8221; content_placement=&#8221;middle&#8221; bg_type=&#8221;image&#8221; parallax_style=&#8221;vcpb-vz-jquery&#8221; bg_image_new=&#8221;id^12639|url^https:\/\/www.remundi-grill.de\/wp-content\/uploads\/2019\/01\/bg-stein-weiss.jpg|caption^null|alt^null|title^bg-stein-weiss|description^null&#8221; bg_image_repeat=&#8221;repeat-x&#8221; css=&#8221;.vc_custom_1738925036608{padding-top: 40px !important;padding-bottom: 40px !important;}&#8221;][vc_column][vc_row_inner content_placement=&#8221;middle&#8221;][vc_column_inner width=&#8221;1\/3&#8243; css=&#8221;.vc_custom_1551799431465{margin-right: 8% !important;}&#8221;][vc_custom_heading text=&#8221;Zartes Fleisch dank Ruhephasen&#8221; font_container=&#8221;tag:h2|text_align:left|color:%23000000&#8243; use_theme_fonts=&#8221;yes&#8221; css=&#8221;&#8221;][vc_empty_space height=&#8221;10px&#8221;][vc_custom_heading text=&#8221;Die erforderliche Grillhitze wird im Zentrum des Grills mittels eines Gasbrenners erzeugt. Dieser strahlt die Hitze gleichm\u00e4\u00dfig nach au\u00dfen ab. Die \u00e4u\u00dferen Grillgondeln, die um den Brenner angeordnet sind, drehen sich um ihre eigene Achse, wodurch das aufgespie\u00dfte Grillgut gleichm\u00e4\u00dfig von allen Seiten gegrillt wird.&#8221; font_container=&#8221;tag:div|text_align:left|color:%23000000&#8243; use_theme_fonts=&#8221;yes&#8221; css=&#8221;&#8221; el_class=&#8221;sub-heading&#8221;][vc_empty_space height=&#8221;10px&#8221;][vc_column_text]Die Drehbewegung erm\u00f6glicht dem Grillgut eine Ruhephase, wenn es sich kurzzeitig von der Hitze abwendet. Damit geh\u00f6rt z\u00e4hes Fleisch der Vergangenheit an.[\/vc_column_text][\/vc_column_inner][vc_column_inner width=&#8221;2\/3&#8243; css=&#8221;.vc_custom_1551790067653{margin-right: 5% !important;}&#8221;][vc_single_image image=&#8221;6842&#8243; img_size=&#8221;full&#8221; alignment=&#8221;center&#8221; css_animation=&#8221;fadeInUp&#8221; css=&#8221;.vc_custom_1751023241822{padding-top: 0px !important;padding-bottom: 0px !important;}&#8221;][\/vc_column_inner][\/vc_row_inner][\/vc_column][\/vc_row][vc_row content_placement=&#8221;middle&#8221; css=&#8221;.vc_custom_1738924647037{margin-top: 70px !important;}&#8221;][vc_column width=&#8221;2\/3&#8243; offset=&#8221;vc_col-xs-12&#8243; css=&#8221;.vc_custom_1547106013237{padding-right: 5% !important;}&#8221;][vc_single_image image=&#8221;14359&#8243; img_size=&#8221;full&#8221; css_animation=&#8221;none&#8221; css=&#8221;.vc_custom_1751023276515{padding-top: 0px !important;padding-bottom: 0px !important;}&#8221;][\/vc_column][vc_column width=&#8221;1\/3&#8243;][vc_custom_heading text=&#8221;Saubere, gesunde Zubereitung&#8221; font_container=&#8221;tag:h2|text_align:left|color:%23000000&#8243; use_theme_fonts=&#8221;yes&#8221; css=&#8221;&#8221;][vc_empty_space height=&#8221;10px&#8221;][vc_custom_heading text=&#8221;Das Grillgut kommt nicht in direkten Kontakt mit der Grillfl\u00e4che oder dem Grillrost. Der Fleischsaft tropft nicht in die Glut, sodass sich keine gesundheitssch\u00e4dlichen Stoffe (polyzyklische aromatische Kohlenwasserstoffe) bilden. Das Fett tropft stattdessen in die daf\u00fcr vorgesehene Auffangschale der jeweiligen Grillgondel.&#8221; font_container=&#8221;tag:div|text_align:left|color:%23000000&#8243; use_theme_fonts=&#8221;yes&#8221; css=&#8221;&#8221; el_class=&#8221;sub-heading&#8221;][vc_empty_space height=&#8221;10px&#8221;][vc_column_text]Diese k\u00f6nnen nach der Benutzung einfach in die Sp\u00fclmaschine gestellt werden und alles ist wieder sauber. Kein m\u00fchsames Reinigen des Grillrostes.[\/vc_column_text][\/vc_column][\/vc_row][vc_row content_placement=&#8221;middle&#8221; css=&#8221;.vc_custom_1738924758078{margin-top: 30px !important;}&#8221;][vc_column width=&#8221;1\/3&#8243;][vc_custom_heading text=&#8221;Vielf\u00e4ltige Farbauswahl&#8221; font_container=&#8221;tag:h2|text_align:left|color:%23000000&#8243; use_theme_fonts=&#8221;yes&#8221; css=&#8221;&#8221;][vc_empty_space height=&#8221;10px&#8221;][vc_custom_heading text=&#8221;Das Grillgut kommt nicht in direkten Kontakt mit der Grillfl\u00e4che oder dem Grillrost. Der Fleischsaft tropft nicht in die Glut, sodass sich keine gesundheitssch\u00e4dlichen Stoffe (polyzyklische aromatische Kohlenwasserstoffe) bilden. Das Fett tropft stattdessen in die daf\u00fcr vorgesehene Auffangschale der jeweiligen Grillgondel.&#8221; font_container=&#8221;tag:div|text_align:left|color:%23000000&#8243; use_theme_fonts=&#8221;yes&#8221; css=&#8221;&#8221; el_class=&#8221;sub-heading&#8221;][vc_empty_space height=&#8221;10px&#8221;][vc_column_text]Alle Gondeln gibt es in einer Edelstahl- und in einer farbenfrohen Keramikausf\u00fchrung.[\/vc_column_text][vc_empty_space height=&#8221;30px&#8221;][vc_btn title=&#8221;Zu unserem Zubeh\u00f6r&#8221; style=&#8221;outline-custom&#8221; outline_custom_color=&#8221;#000000&#8243; outline_custom_hover_background=&#8221;#000000&#8243; shape=&#8221;square&#8221; i_align=&#8221;right&#8221; i_icon_fontawesome=&#8221;fas fa-angle-right&#8221; css=&#8221;&#8221; add_icon=&#8221;true&#8221; link=&#8221;url:https%3A%2F%2Fwww.remundi-grill.de%2Fprodukt-kategorie%2Fremundi-classic%2Fremundi-classic-zubehoer%2F&#8221;][\/vc_column][vc_column width=&#8221;2\/3&#8243;]<div id=\"ult-carousel-16834373766a059e6803a4b\" class=\"ult-carousel-wrapper  vc_custom_1551793793396  ult_horizontal\" data-gutter=\"15\" data-rtl=\"false\" ><div class=\"ult-carousel-15611860136a059e680391e \" >[vc_single_image image=&#8221;14934&#8243; img_size=&#8221;full&#8221; alignment=&#8221;center&#8221; css_animation=&#8221;none&#8221; css=&#8221;.vc_custom_1572455969182{margin-right: -60px !important;padding-top: 0px !important;padding-bottom: 0px !important;}&#8221;][vc_single_image image=&#8221;14946&#8243; img_size=&#8221;full&#8221; alignment=&#8221;center&#8221; css_animation=&#8221;none&#8221; css=&#8221;.vc_custom_1751023330577{margin-right: -60px !important;padding-top: 0px !important;padding-bottom: 0px !important;}&#8221;][vc_single_image image=&#8221;14940&#8243; img_size=&#8221;full&#8221; alignment=&#8221;center&#8221; css_animation=&#8221;none&#8221; css=&#8221;.vc_custom_1751023360927{margin-right: -60px !important;padding-top: 0px !important;padding-bottom: 0px !important;}&#8221;]<\/div><\/div>\t\t\t<script type=\"text\/javascript\">\n\t\t\t\tjQuery(document).ready(function ($) {\n\t\t\t\t\tif( typeof jQuery('.ult-carousel-15611860136a059e680391e').slick == \"function\"){\n\t\t\t\t\t\t$('.ult-carousel-15611860136a059e680391e').slick({dots: false,autoplay: true,autoplaySpeed: \"5000\",speed: \"500\",infinite: true,arrows: true,nextArrow: '<button type=\"button\" role=\"button\" aria-label=\"Next\" style=\"color:#cccccc; font-size:20px;\" class=\"slick-next default\"><i class=\"ultsl-arrow-right4\"><\/i><\/button>',prevArrow: '<button type=\"button\" role=\"button\" aria-label=\"Previous\" style=\"color:#cccccc; font-size:20px;\" class=\"slick-prev default\"><i class=\"ultsl-arrow-left4\"><\/i><\/button>',slidesToScroll:1,slidesToShow:1,swipe: true,draggable: true,touchMove: true,pauseOnHover: true,pauseOnFocus: false,responsive: [\n\t\t\t\t\t\t\t{\n\t\t\t\t\t\t\t  breakpoint: 1026,\n\t\t\t\t\t\t\t  settings: {\n\t\t\t\t\t\t\t\tslidesToShow: 1,\n\t\t\t\t\t\t\t\tslidesToScroll: 1,  \n\t\t\t\t\t\t\t  }\n\t\t\t\t\t\t\t},\n\t\t\t\t\t\t\t{\n\t\t\t\t\t\t\t  breakpoint: 1025,\n\t\t\t\t\t\t\t  settings: {\n\t\t\t\t\t\t\t\tslidesToShow: 1,\n\t\t\t\t\t\t\t\tslidesToScroll: 1\n\t\t\t\t\t\t\t  }\n\t\t\t\t\t\t\t},\n\t\t\t\t\t\t\t{\n\t\t\t\t\t\t\t  breakpoint: 760,\n\t\t\t\t\t\t\t  settings: {\n\t\t\t\t\t\t\t\tslidesToShow: 1,\n\t\t\t\t\t\t\t\tslidesToScroll: 1\n\t\t\t\t\t\t\t  }\n\t\t\t\t\t\t\t}\n\t\t\t\t\t\t],pauseOnDotsHover: true,customPaging: function(slider, i) {\n                   return '<i type=\"button\" style= \"color:#333333;\" class=\"ultsl-record\" data-role=\"none\"><\/i>';\n                },});\n\t\t\t\t\t}\n\t\t\t\t});\n\t\t\t<\/script>\n\t\t\t[\/vc_column][\/vc_row][vc_row parallax=&#8221;content-moving&#8221; parallax_image=&#8221;12639&#8243; css=&#8221;.vc_custom_1738925190280{margin-top: 40px !important;margin-bottom: 70px !important;padding-top: 40px !important;padding-bottom: 40px !important;}&#8221;][vc_column css=&#8221;.vc_custom_1551794128906{padding-right: 10% !important;padding-left: 10% !important;}&#8221;][vc_custom_heading text=&#8221;Unsere Remundi Classics mit Gondelaufsatz kommen bereits <strong>serienm\u00e4\u00dfig mit sechs verschiedenen Gondelmodellen<\/strong> aus Edelstahl f\u00fcr ein umfangreiches Grillerlebnis.&#8221; font_container=&#8221;tag:div|text_align:center|color:%23000000&#8243; use_theme_fonts=&#8221;yes&#8221; css=&#8221;&#8221; el_class=&#8221;sub-heading&#8221;][\/vc_column][\/vc_row][vc_row full_width=&#8221;stretch_row_content_no_spaces&#8221;][vc_column width=&#8221;2\/3&#8243;][vc_single_image image=&#8221;14244&#8243; img_size=&#8221;full&#8221; css_animation=&#8221;none&#8221; css=&#8221;&#8221;][\/vc_column][vc_column width=&#8221;1\/3&#8243;][vc_single_image image=&#8221;14089&#8243; img_size=&#8221;full&#8221; alignment=&#8221;center&#8221; css=&#8221;&#8221;][\/vc_column][\/vc_row][vc_row css=&#8221;.vc_custom_1547112703304{padding-top: 80px !important;padding-bottom: 90px !important;}&#8221;][vc_column][vc_custom_heading text=&#8221;Finde deinen Lieblingsgrill&#8221; font_container=&#8221;tag:h2|text_align:center|color:%23000000&#8243; use_theme_fonts=&#8221;yes&#8221; css=&#8221;&#8221;][vc_empty_space height=&#8221;10px&#8221;][vc_custom_heading text=&#8221;Wir bieten unseren Remundi Classic in verschiedenen Gr\u00f6\u00dfen an: f\u00fcr jede Familiengr\u00f6\u00dfe und Party geeignet!&#8221; font_container=&#8221;tag:div|text_align:center|color:%23000000&#8243; use_theme_fonts=&#8221;yes&#8221; css=&#8221;&#8221; el_class=&#8221;sub-heading&#8221;][vc_empty_space height=&#8221;40px&#8221;][vc_row_inner][vc_column_inner width=&#8221;1\/6&#8243;][vc_single_image image=&#8221;13819&#8243; img_size=&#8221;full&#8221;][\/vc_column_inner][vc_column_inner width=&#8221;1\/6&#8243;][vc_single_image image=&#8221;14083&#8243; img_size=&#8221;full&#8221;][\/vc_column_inner][vc_column_inner width=&#8221;1\/6&#8243;][vc_single_image image=&#8221;14077&#8243; img_size=&#8221;full&#8221;][\/vc_column_inner][vc_column_inner width=&#8221;1\/6&#8243;][vc_single_image image=&#8221;14064&#8243; img_size=&#8221;full&#8221;][\/vc_column_inner][vc_column_inner width=&#8221;1\/6&#8243;][vc_single_image image=&#8221;14030&#8243; img_size=&#8221;full&#8221; css=&#8221;&#8221;][\/vc_column_inner][vc_column_inner width=&#8221;1\/6&#8243;][vc_single_image image=&#8221;14105&#8243; img_size=&#8221;full&#8221;][\/vc_column_inner][\/vc_row_inner][vc_empty_space height=&#8221;40px&#8221;][vc_btn title=&#8221;Zu unseren Classic-Modellen&#8221; style=&#8221;custom&#8221; custom_background=&#8221;#873900&#8243; custom_text=&#8221;#FFFFFF&#8221; align=&#8221;center&#8221; i_align=&#8221;right&#8221; i_icon_fontawesome=&#8221;fa fa-solid fa-angle-right&#8221; css=&#8221;&#8221; add_icon=&#8221;true&#8221; link=&#8221;url:https%3A%2F%2Fwww.remundi-grill.de%2Fprodukt-kategorie%2Fremundi-classic%2F&#8221;][\/vc_column][\/vc_row][vc_row content_placement=&#8221;middle&#8221; css=&#8221;.vc_custom_1738924962551{margin-top: -40px !important;padding-top: 80px !important;padding-bottom: 40px !important;}&#8221;][vc_column][vc_row_inner content_placement=&#8221;middle&#8221;][vc_column_inner width=&#8221;1\/3&#8243; css=&#8221;.vc_custom_1551860262426{margin-right: 8% !important;}&#8221;][vc_custom_heading text=&#8221;Remundi Grill mit eigener Firmierung&#8221; font_container=&#8221;tag:h2|text_align:left|color:%23000000&#8243; use_theme_fonts=&#8221;yes&#8221; css=&#8221;&#8221;][vc_empty_space height=&#8221;10px&#8221;][vc_custom_heading text=&#8221;Der Remundi Professional Gasgrill eignet sich auch in Gastronomie-Betrieben besonders gut, da er eine Vielzahl an K\u00f6stlichkeiten gleichzeitig grillen kann. Er l\u00e4sst sich individuell mit Firmenlogo und -farben von uns bedrucken und ist bei Events und Veranstaltungen ein echter Hingucker.&#8221; font_container=&#8221;tag:div|text_align:left|color:%23000000&#8243; use_theme_fonts=&#8221;yes&#8221; css=&#8221;&#8221; el_class=&#8221;sub-heading&#8221;][vc_empty_space height=&#8221;10px&#8221;][vc_column_text]Interessiert? F\u00fcr eine Angebotsanfrage einfach unser <a href=\"https:\/\/www.remundi-grill.de\/contact\/\">Kontaktformular<\/a> nutzen. Wir antworten dir schnellstm\u00f6glichst.[\/vc_column_text][\/vc_column_inner][vc_column_inner width=&#8221;2\/3&#8243; css=&#8221;.vc_custom_1551790067653{margin-right: 5% !important;}&#8221;][vc_single_image image=&#8221;14581&#8243; img_size=&#8221;531&#215;500&#8243; alignment=&#8221;center&#8221; css_animation=&#8221;none&#8221; css=&#8221;.vc_custom_1751023560446{padding-top: 0px !important;padding-bottom: 0px !important;}&#8221;][\/vc_column_inner][\/vc_row_inner][\/vc_column][\/vc_row][vc_row full_width=&#8221;stretch_row_content_no_spaces&#8221;][vc_column][vc_video link=&#8221;https:\/\/player.vimeo.com\/video\/100706078?title=0&amp;byline=0&amp;portrait=0&amp;dnt=1&amp;color=3d7292&#8243; css=&#8221;&#8221;][\/vc_column][\/vc_row][vc_row full_width=&#8221;stretch_row_content&#8221; css=&#8221;.vc_custom_1738923673501{margin-top: -50px !important;padding-top: 0px !important;padding-bottom: 0px !important;}&#8221;][vc_column width=&#8221;1\/2&#8243; css=&#8221;.vc_custom_1547110885537{padding-left: 10% !important;background-image: url(https:\/\/www.remundi-grill.de\/wp-content\/uploads\/2019\/01\/faq-bg.jpg?id=12987) !important;background-position: center !important;background-repeat: no-repeat !important;background-size: cover !important;}&#8221;][vc_row_inner content_placement=&#8221;middle&#8221; css=&#8221;.vc_custom_1738923734324{padding-top: 40px !important;padding-bottom: 40px !important;}&#8221;][vc_column_inner width=&#8221;1\/2&#8243;][vc_custom_heading text=&#8221;Ich habe Fragen zu den Remundi Produkten&#8221; font_container=&#8221;tag:h2|text_align:left|color:%23FFFFFF&#8221; use_theme_fonts=&#8221;yes&#8221; css=&#8221;&#8221;][vc_empty_space height=&#8221;10px&#8221;][vc_custom_heading text=&#8221;Wir haben h\u00e4ufig gestellte Fragen und Pflegehinweise f\u00fcr Dich kompakt zusammengestellt.&#8221; font_container=&#8221;tag:div|text_align:left|color:%23FFFFFF&#8221; use_theme_fonts=&#8221;yes&#8221; css=&#8221;&#8221; el_class=&#8221;sub-heading&#8221;][vc_empty_space height=&#8221;40px&#8221;][vc_btn title=&#8221;Zu unseren FAQ (coming soon)&#8221; style=&#8221;outline-custom&#8221; outline_custom_color=&#8221;#FFFFFF&#8221; outline_custom_hover_background=&#8221;#FFFFFF&#8221; outline_custom_hover_text=&#8221;#000000&#8243; shape=&#8221;square&#8221; i_icon_fontawesome=&#8221;fa fa-solid fa-circle-info&#8221; css=&#8221;&#8221; add_icon=&#8221;true&#8221; link=&#8221;url:https%3A%2F%2Fwww.remundi-grill.de%2Ffaq%2F&#8221;][\/vc_column_inner][vc_column_inner width=&#8221;1\/2&#8243;][\/vc_column_inner][\/vc_row_inner][\/vc_column][vc_column width=&#8221;1\/2&#8243; css=&#8221;.vc_custom_1738923662454{padding-left: 10% !important;background-color: #EEEEEE !important;}&#8221;][vc_row_inner content_placement=&#8221;middle&#8221;][vc_column_inner width=&#8221;1\/2&#8243;][vc_custom_heading text=&#8221;Wo gibt es Remundi?&#8221; font_container=&#8221;tag:h2|text_align:left|color:%23000000&#8243; use_theme_fonts=&#8221;yes&#8221; css=&#8221;&#8221;][vc_empty_space height=&#8221;10px&#8221;][vc_custom_heading text=&#8221;Unsere Produkte k\u00f6nnen europaweit bei unseren Vertriebspartnern erworben werden.&#8221; font_container=&#8221;tag:div|text_align:left|color:%23000000&#8243; use_theme_fonts=&#8221;yes&#8221; css=&#8221;&#8221; el_class=&#8221;sub-heading&#8221;][vc_empty_space height=&#8221;40px&#8221;][vc_btn title=&#8221;Partner finden&#8221; style=&#8221;outline-custom&#8221; outline_custom_color=&#8221;#000000&#8243; outline_custom_hover_background=&#8221;#000000&#8243; shape=&#8221;square&#8221; i_align=&#8221;right&#8221; i_icon_fontawesome=&#8221;fas fa-angle-right&#8221; css=&#8221;&#8221; add_icon=&#8221;true&#8221; link=&#8221;url:https%3A%2F%2Fwww.remundi-grill.de%2Fpartner%2F&#8221;][\/vc_column_inner][vc_column_inner width=&#8221;1\/2&#8243;][vc_single_image image=&#8221;17992&#8243; img_size=&#8221;full&#8221; css_animation=&#8221;fadeInRight&#8221; css=&#8221;.vc_custom_1751023586475{margin-bottom: -80px !important;}&#8221;][\/vc_column_inner][\/vc_row_inner][\/vc_column][\/vc_row]<\/p>\n<\/div>","protected":false},"excerpt":{"rendered":"<p>[vc_row full_width=&#8221;stretch_row&#8221; parallax=&#8221;content-moving&#8221; parallax_image=&#8221;14496&#8243; bg_type=&#8221;bg_color&#8221; css=&#8221;.vc_custom_1551861565514{margin-bottom: 30px !important;}&#8221;][vc_column width=&#8221;1\/6&#8243;][\/vc_column][vc_column width=&#8221;2\/3&#8243;][vc_empty_space height=&#8221;120px&#8221;][vc_custom_heading text=&#8221;Remundi Classic: Das Grillerlebnis der besonderen Art&#8221; font_container=&#8221;tag:h1|text_align:center|color:%23FFFFFF&#8221; use_theme_fonts=&#8221;yes&#8221; css=&#8221;&#8221;][vc_empty_space height=&#8221;10px&#8221;][vc_custom_heading text=&#8221;Ideal f\u00fcr Familienfeiern, Partys oder ein nettes Beisammensein am Abend.&#8221; font_container=&#8221;tag:div|text_align:center|color:%23FFFFFF&#8221; use_theme_fonts=&#8221;yes&#8221; css=&#8221;&#8221; el_class=&#8221;sub-heading&#8221;][vc_empty_space height=&#8221;100px&#8221;][\/vc_column][vc_column width=&#8221;1\/6&#8243;][\/vc_column][\/vc_row][vc_row content_placement=&#8221;middle&#8221; css=&#8221;.vc_custom_1738924383055{margin-top: 30px !important;margin-bottom: 20px !important;}&#8221;][vc_column width=&#8221;1\/3&#8243;][vc_custom_heading text=&#8221;Das revolution\u00e4re Grillsystem&#8221; font_container=&#8221;tag:h2|text_align:left|color:%23000000&#8243; use_theme_fonts=&#8221;yes&#8221; css=&#8221;&#8221;][vc_empty_space height=&#8221;10px&#8221;][vc_custom_heading text=&#8221;Der Remundi Classic [&hellip;]<\/p>\n","protected":false},"author":1,"featured_media":0,"parent":0,"menu_order":0,"comment_status":"closed","ping_status":"closed","template":"","meta":{"ocean_post_layout":"","ocean_both_sidebars_style":"","ocean_both_sidebars_content_width":0,"ocean_both_sidebars_sidebars_width":0,"ocean_sidebar":"","ocean_second_sidebar":"","ocean_disable_margins":"enable","ocean_add_body_class":"","ocean_shortcode_before_top_bar":"","ocean_shortcode_after_top_bar":"","ocean_shortcode_before_header":"","ocean_shortcode_after_header":"","ocean_has_shortcode":"","ocean_shortcode_after_title":"","ocean_shortcode_before_footer_widgets":"","ocean_shortcode_after_footer_widgets":"","ocean_shortcode_before_footer_bottom":"","ocean_shortcode_after_footer_bottom":"","ocean_display_top_bar":"default","ocean_display_header":"default","ocean_header_style":"","ocean_center_header_left_menu":"","ocean_custom_header_template":"","ocean_custom_logo":0,"ocean_custom_retina_logo":0,"ocean_custom_logo_max_width":0,"ocean_custom_logo_tablet_max_width":0,"ocean_custom_logo_mobile_max_width":0,"ocean_custom_logo_max_height":0,"ocean_custom_logo_tablet_max_height":0,"ocean_custom_logo_mobile_max_height":0,"ocean_header_custom_menu":"","ocean_menu_typo_font_family":"","ocean_menu_typo_font_subset":"","ocean_menu_typo_font_size":0,"ocean_menu_typo_font_size_tablet":0,"ocean_menu_typo_font_size_mobile":0,"ocean_menu_typo_font_size_unit":"px","ocean_menu_typo_font_weight":"","ocean_menu_typo_font_weight_tablet":"","ocean_menu_typo_font_weight_mobile":"","ocean_menu_typo_transform":"","ocean_menu_typo_transform_tablet":"","ocean_menu_typo_transform_mobile":"","ocean_menu_typo_line_height":0,"ocean_menu_typo_line_height_tablet":0,"ocean_menu_typo_line_height_mobile":0,"ocean_menu_typo_line_height_unit":"","ocean_menu_typo_spacing":0,"ocean_menu_typo_spacing_tablet":0,"ocean_menu_typo_spacing_mobile":0,"ocean_menu_typo_spacing_unit":"","ocean_menu_link_color":"","ocean_menu_link_color_hover":"","ocean_menu_link_color_active":"","ocean_menu_link_background":"","ocean_menu_link_hover_background":"","ocean_menu_link_active_background":"","ocean_menu_social_links_bg":"","ocean_menu_social_hover_links_bg":"","ocean_menu_social_links_color":"","ocean_menu_social_hover_links_color":"","ocean_disable_title":"default","ocean_disable_heading":"default","ocean_post_title":"","ocean_post_subheading":"","ocean_post_title_style":"","ocean_post_title_background_color":"","ocean_post_title_background":0,"ocean_post_title_bg_image_position":"","ocean_post_title_bg_image_attachment":"","ocean_post_title_bg_image_repeat":"","ocean_post_title_bg_image_size":"","ocean_post_title_height":0,"ocean_post_title_bg_overlay":0.5,"ocean_post_title_bg_overlay_color":"","ocean_disable_breadcrumbs":"default","ocean_breadcrumbs_color":"","ocean_breadcrumbs_separator_color":"","ocean_breadcrumbs_links_color":"","ocean_breadcrumbs_links_hover_color":"","ocean_display_footer_widgets":"default","ocean_display_footer_bottom":"default","ocean_custom_footer_template":"","footnotes":""},"class_list":["post-6298","page","type-page","status-publish","hentry","entry","owp-thumbs-layout-horizontal","owp-btn-normal","owp-tabs-layout-horizontal","has-no-thumbnails"],"_links":{"self":[{"href":"https:\/\/www.remundi-grill.de\/nl\/wp-json\/wp\/v2\/pages\/6298","targetHints":{"allow":["GET"]}}],"collection":[{"href":"https:\/\/www.remundi-grill.de\/nl\/wp-json\/wp\/v2\/pages"}],"about":[{"href":"https:\/\/www.remundi-grill.de\/nl\/wp-json\/wp\/v2\/types\/page"}],"author":[{"embeddable":true,"href":"https:\/\/www.remundi-grill.de\/nl\/wp-json\/wp\/v2\/users\/1"}],"replies":[{"embeddable":true,"href":"https:\/\/www.remundi-grill.de\/nl\/wp-json\/wp\/v2\/comments?post=6298"}],"version-history":[{"count":0,"href":"https:\/\/www.remundi-grill.de\/nl\/wp-json\/wp\/v2\/pages\/6298\/revisions"}],"wp:attachment":[{"href":"https:\/\/www.remundi-grill.de\/nl\/wp-json\/wp\/v2\/media?parent=6298"}],"curies":[{"name":"wp","href":"https:\/\/api.w.org\/{rel}","templated":true}]}}