{"id":12192,"date":"2018-10-08T17:37:50","date_gmt":"2018-10-08T15:37:50","guid":{"rendered":"https:\/\/www.remundi-grill.de\/?post_type=product&#038;p=12192"},"modified":"2025-12-01T17:08:04","modified_gmt":"2025-12-01T15:08:04","slug":"ignis","status":"publish","type":"product","link":"https:\/\/www.remundi-grill.de\/nl\/produkt\/ignis\/","title":{"rendered":"Ignis"},"content":{"rendered":"<div class=\"wpb-content-wrapper\"><p>[vc_row][vc_column][vc_column_text css=&#8221;&#8221;]Die gem\u00fctliche Tischgrill-Feuerstelle. Das neuartige Grillsystem zeichnet sich durch seine hohe Effizienz und Schnelligkeit aus. Die Grillgussplatte wird einerseits aktiv durch die Flammen des Brenners erhitzt, andererseits sorgen die Feuersteine f\u00fcr langanhaltende Hitze \u2013 auch nach dem Ausschalten des Brenners.<\/p>\n<p><span style=\"text-decoration: underline;\">Bei Interesse an diesem Produkt, kontaktiere uns direkt:<\/span><\/p>\n<p><strong>Telefon:<\/strong> 0 26 20 \u2013 9 40 99 28<br \/>\n<strong>E-Mail:<\/strong> <a href=\"mailto:info@remundi-grill.de\">info@remundi-grill.de<\/a>[\/vc_column_text][vc_tta_tabs][vc_tta_section title=&#8221;Technische Details&#8221; tab_id=&#8221;1747291679409-60debb2f-3c26&#8243;][vc_column_text css=&#8221;&#8221;]<\/p>\n<table>\n<tbody>\n<tr>\n<td valign=\"top\"><strong>Artikelnummer:<\/strong><\/td>\n<td valign=\"top\"><strong>EAN:<\/strong><\/td>\n<\/tr>\n<tr>\n<td>800102<\/td>\n<td>4260222434182<\/td>\n<\/tr>\n<\/tbody>\n<\/table>\n<table>\n<tbody>\n<tr>\n<td><strong>Material<\/strong><\/td>\n<td>Holz\/Polyrattan<\/td>\n<\/tr>\n<tr>\n<td valign=\"top\"><strong>Gr\u00f6\u00dfe<\/strong> (L x B x H)<\/td>\n<td valign=\"top\">120 x 120 x 77 cm<\/td>\n<\/tr>\n<tr>\n<td valign=\"top\"><strong>Gewicht<\/strong><\/td>\n<td valign=\"top\">ca. 110 kg<\/td>\n<\/tr>\n<tr>\n<td valign=\"top\"><strong>Lieferumfang<\/strong><\/td>\n<td valign=\"top\">Remundi Ignis mit Feuerstelle, 4 St\u00fchle,<br \/>\nGrillaufsatz, Gussgrillplatte, Lavasteine, Keramikdekoholz<\/td>\n<\/tr>\n<tr>\n<td valign=\"top\"><strong>Optional erh\u00e4ltlich<\/strong><\/td>\n<td valign=\"top\">4 B\u00e4nke oder Sondergr\u00f6\u00dfen, Windschutzkorb,<br \/>\nGrillkorb (f\u00fcr Gem\u00fcse, Kartoffeln), Pizza-Stein<\/td>\n<\/tr>\n<\/tbody>\n<\/table>\n<p>[\/vc_column_text][\/vc_tta_section][vc_tta_section title=&#8221;Produktsicherheit&#8221; tab_id=&#8221;1747291679423-44fbd693-09cb&#8221;][vc_column_text css=&#8221;&#8221;]<h3><strong>Fabrikantinformatie\/GPSR:<\/strong><\/h3>\n<p>Remundi GmbH <br \/>Siebenbornstra\u00dfe 26 <br \/>56337 Simmern \/ Westerwald (Germany) <br \/>Telefoon +49 26 20 \u2013 9 40 99 28 <br \/>E-mail info@remundi-grill.de<br \/>Web: www.remundi-grill.de<\/p>\n<h3><strong>Belangrijke veiligheidsinstructies:<\/strong><\/h3>\n<p>Gebruik Remundi grills alleen buiten en <em><strong>niet<\/strong> <\/em>in gesloten ruimtes. Verstikkingsgevaar door koolmonoxidevergiftiging! <br \/>Laat de vuurplaats tijdens gebruik niet onbeheerd achter. Gebruik de grill alleen op een vlakke, vuurvaste ondergrond. Houd kinderen op afstand.<\/p>\n<h3><strong>Onderhoudsinstructies:<\/strong><\/h3>\n<p>Onze onderhoudsinstructies voor de grillplaat en grillmodules kun je als PDF downloaden en vervolgens afdrukken.<\/p>\n<p>[wpdm_package id='18652']<\/p>\n<p>Als alternatief kun je de onderhoudsinstructies <a title=\"Naar de onderhoudsinstructies\" href=\"https:\/\/www.remundi-grill.de\/pflegehinweise-fuer-grillplatte-und-grillmodule\/\">hier nalezen<\/a>.<\/p>\n<p>Meer veelgestelde vragen (FAQ) over onze producten vind je <a title=\"Naar de FAQ\" href=\"https:\/\/www.remundi-grill.de\/faq\/\">hier<\/a>.<\/p>[\/vc_column_text][\/vc_tta_section][\/vc_tta_tabs][\/vc_column][\/vc_row]<\/p>\n<\/div>","protected":false},"excerpt":{"rendered":"<p>[vc_row][vc_column][vc_column_text css=&#8221;&#8221;]Die gem\u00fctliche Tischgrill-Feuerstelle. Das neuartige Grillsystem zeichnet sich durch seine hohe Effizienz und Schnelligkeit aus. Die Grillgussplatte wird einerseits aktiv durch die Flammen des Brenners erhitzt, andererseits sorgen die Feuersteine f\u00fcr langanhaltende Hitze \u2013 auch nach dem Ausschalten des Brenners. Bei Interesse an diesem Produkt, kontaktiere uns direkt: Telefon: 0 26 20 \u2013 9 [&hellip;]<\/p>\n","protected":false},"featured_media":12277,"comment_status":"closed","ping_status":"closed","template":"","meta":{"ocean_post_layout":"","ocean_both_sidebars_style":"","ocean_both_sidebars_content_width":0,"ocean_both_sidebars_sidebars_width":0,"ocean_sidebar":"0","ocean_second_sidebar":"0","ocean_disable_margins":"enable","ocean_add_body_class":"","ocean_shortcode_before_top_bar":"","ocean_shortcode_after_top_bar":"","ocean_shortcode_before_header":"","ocean_shortcode_after_header":"","ocean_has_shortcode":"","ocean_shortcode_after_title":"","ocean_shortcode_before_footer_widgets":"","ocean_shortcode_after_footer_widgets":"","ocean_shortcode_before_footer_bottom":"","ocean_shortcode_after_footer_bottom":"","ocean_display_top_bar":"default","ocean_display_header":"default","ocean_header_style":"","ocean_center_header_left_menu":"0","ocean_custom_header_template":"0","ocean_custom_logo":0,"ocean_custom_retina_logo":0,"ocean_custom_logo_max_width":0,"ocean_custom_logo_tablet_max_width":0,"ocean_custom_logo_mobile_max_width":0,"ocean_custom_logo_max_height":0,"ocean_custom_logo_tablet_max_height":0,"ocean_custom_logo_mobile_max_height":0,"ocean_header_custom_menu":"0","ocean_menu_typo_font_family":"0","ocean_menu_typo_font_subset":"","ocean_menu_typo_font_size":0,"ocean_menu_typo_font_size_tablet":0,"ocean_menu_typo_font_size_mobile":0,"ocean_menu_typo_font_size_unit":"px","ocean_menu_typo_font_weight":"","ocean_menu_typo_font_weight_tablet":"","ocean_menu_typo_font_weight_mobile":"","ocean_menu_typo_transform":"","ocean_menu_typo_transform_tablet":"","ocean_menu_typo_transform_mobile":"","ocean_menu_typo_line_height":0,"ocean_menu_typo_line_height_tablet":0,"ocean_menu_typo_line_height_mobile":0,"ocean_menu_typo_line_height_unit":"","ocean_menu_typo_spacing":0,"ocean_menu_typo_spacing_tablet":0,"ocean_menu_typo_spacing_mobile":0,"ocean_menu_typo_spacing_unit":"","ocean_menu_link_color":"","ocean_menu_link_color_hover":"","ocean_menu_link_color_active":"","ocean_menu_link_background":"","ocean_menu_link_hover_background":"","ocean_menu_link_active_background":"","ocean_menu_social_links_bg":"","ocean_menu_social_hover_links_bg":"","ocean_menu_social_links_color":"","ocean_menu_social_hover_links_color":"","ocean_disable_title":"default","ocean_disable_heading":"default","ocean_post_title":"","ocean_post_subheading":"","ocean_post_title_style":"","ocean_post_title_background_color":"","ocean_post_title_background":0,"ocean_post_title_bg_image_position":"","ocean_post_title_bg_image_attachment":"","ocean_post_title_bg_image_repeat":"","ocean_post_title_bg_image_size":"","ocean_post_title_height":0,"ocean_post_title_bg_overlay":0.5,"ocean_post_title_bg_overlay_color":"","ocean_disable_breadcrumbs":"default","ocean_breadcrumbs_color":"","ocean_breadcrumbs_separator_color":"","ocean_breadcrumbs_links_color":"","ocean_breadcrumbs_links_hover_color":"","ocean_display_footer_widgets":"default","ocean_display_footer_bottom":"default","ocean_custom_footer_template":"0"},"product_brand":[],"product_cat":[245],"product_tag":[247],"class_list":{"0":"post-12192","1":"product","2":"type-product","3":"status-publish","4":"has-post-thumbnail","6":"product_cat-weitere-modelle","7":"product_tag-grillfeuerstelle","8":"product_shipping_class-versand-accessory","10":"entry","11":"has-media","13":"first","14":"outofstock","15":"taxable","16":"shipping-taxable","17":"product-type-simple","18":"col","19":"span_1_of_5","20":"owp-content-center","21":"owp-thumbs-layout-horizontal","22":"owp-btn-normal","23":"owp-tabs-layout-horizontal","24":"has-no-thumbnails"},"_links":{"self":[{"href":"https:\/\/www.remundi-grill.de\/nl\/wp-json\/wp\/v2\/product\/12192","targetHints":{"allow":["GET"]}}],"collection":[{"href":"https:\/\/www.remundi-grill.de\/nl\/wp-json\/wp\/v2\/product"}],"about":[{"href":"https:\/\/www.remundi-grill.de\/nl\/wp-json\/wp\/v2\/types\/product"}],"replies":[{"embeddable":true,"href":"https:\/\/www.remundi-grill.de\/nl\/wp-json\/wp\/v2\/comments?post=12192"}],"wp:featuredmedia":[{"embeddable":true,"href":"https:\/\/www.remundi-grill.de\/nl\/wp-json\/wp\/v2\/media\/12277"}],"wp:attachment":[{"href":"https:\/\/www.remundi-grill.de\/nl\/wp-json\/wp\/v2\/media?parent=12192"}],"wp:term":[{"taxonomy":"product_brand","embeddable":true,"href":"https:\/\/www.remundi-grill.de\/nl\/wp-json\/wp\/v2\/product_brand?post=12192"},{"taxonomy":"product_cat","embeddable":true,"href":"https:\/\/www.remundi-grill.de\/nl\/wp-json\/wp\/v2\/product_cat?post=12192"},{"taxonomy":"product_tag","embeddable":true,"href":"https:\/\/www.remundi-grill.de\/nl\/wp-json\/wp\/v2\/product_tag?post=12192"}],"curies":[{"name":"wp","href":"https:\/\/api.w.org\/{rel}","templated":true}]}}