{"id":17162,"date":"2023-12-13T12:34:42","date_gmt":"2023-12-13T10:34:42","guid":{"rendered":"https:\/\/www.remundi-grill.de\/?post_type=product&#038;p=17162"},"modified":"2026-03-30T09:27:47","modified_gmt":"2026-03-30T07:27:47","slug":"tischgrill-piccolo","status":"publish","type":"product","link":"https:\/\/www.remundi-grill.de\/nl\/produkt\/tischgrill-piccolo\/","title":{"rendered":"Tischgrill Piccolo"},"content":{"rendered":"<div class=\"wpb-content-wrapper\"><p>[vc_row][vc_column][vc_column_text css=&#8221;&#8221;]Der Piccolo Grill f\u00fcr den perfekten Grillspa\u00df direkt auf dem Tisch. Unser kleiner Allesk\u00f6nner Tischgrill aus Edelstahl wiegt weniger als 2 kg und eignet sich ideal f\u00fcr einen Grillabend mit wenig Platz!<\/p>\n<p>Du suchst nach einem kleinem Grill in hoher Qualit\u00e4t? Du hast ihn gefunden! Unser hochwertiger Piccolo Grill ist langlebig, sodass du viele Grillabend auf dem Balkon oder im Park damit erleben wirst.<br \/>\n[\/vc_column_text][vc_tta_tabs][vc_tta_section title=&#8221;Technische Details&#8221; tab_id=&#8221;1747291679409-60debb2f-3c26&#8243;][vc_column_text css=&#8221;&#8221;]<\/p>\n<table>\n<tbody>\n<tr>\n<td><strong>Artikelnummer:<\/strong><\/td>\n<td><strong>EAN:<\/strong><\/td>\n<\/tr>\n<tr>\n<td>10376<\/td>\n<td>4260549667850<\/td>\n<\/tr>\n<\/tbody>\n<\/table>\n<table>\n<tbody>\n<tr>\n<td><strong>Material<\/strong><\/td>\n<td>Stahl\/Edelstahl<\/td>\n<\/tr>\n<tr>\n<td><strong>Gr\u00f6\u00dfe<\/strong> (L x B x H)<\/td>\n<td valign=\"top\">ca. 34 x 34 x 13 cm<\/td>\n<\/tr>\n<tr>\n<td><strong>Grillplatte \u00d8<\/strong><\/td>\n<td>32 cm<\/td>\n<\/tr>\n<tr>\n<td><strong>Innenplatte \u00d8<\/strong><\/td>\n<td>10 cm<\/td>\n<\/tr>\n<tr>\n<td><strong>Gewicht<\/strong><\/td>\n<td>ca. 1,97 kg<\/td>\n<\/tr>\n<tr>\n<td><strong>Packma\u00df<\/strong> (L x B x H)<\/td>\n<td valign=\"top\">ca. 34,5 x 36 x 6 cm<\/td>\n<\/tr>\n<tr>\n<td><strong>Gewicht<\/strong> inkl. Verpackung<\/td>\n<td>ca. 2,15 kg<\/td>\n<\/tr>\n<tr>\n<td valign=\"top\"><strong>Lieferumfang<\/strong><\/td>\n<td>Grillplatte, Grillschale, untere Schale mit<br \/>\n3 x Schraubengarnitur und H\u00fclsen<\/td>\n<\/tr>\n<\/tbody>\n<\/table>\n<p>[\/vc_column_text][\/vc_tta_section][vc_tta_section title=&#8221;Produktsicherheit&#8221; tab_id=&#8221;1747291679423-44fbd693-09cb&#8221;][vc_column_text css=&#8221;&#8221;]<h3><strong>Fabrikantinformatie\/GPSR:<\/strong><\/h3>\n<p>Remundi GmbH <br \/>Siebenbornstra\u00dfe 26 <br \/>56337 Simmern \/ Westerwald (Germany) <br \/>Telefoon +49 26 20 \u2013 9 40 99 28 <br \/>E-mail info@remundi-grill.de<br \/>Web: www.remundi-grill.de<\/p>\n<h3><strong>Belangrijke veiligheidsinstructies:<\/strong><\/h3>\n<p>Gebruik Remundi grills alleen buiten en <em><strong>niet<\/strong> <\/em>in gesloten ruimtes. Verstikkingsgevaar door koolmonoxidevergiftiging! <br \/>Laat de vuurplaats tijdens gebruik niet onbeheerd achter. Gebruik de grill alleen op een vlakke, vuurvaste ondergrond. Houd kinderen op afstand.<\/p>\n<h3><strong>Onderhoudsinstructies:<\/strong><\/h3>\n<p>Onze onderhoudsinstructies voor de grillplaat en grillmodules kun je als PDF downloaden en vervolgens afdrukken.<\/p>\n<p>[wpdm_package id='18652']<\/p>\n<p>Als alternatief kun je de onderhoudsinstructies <a title=\"Naar de onderhoudsinstructies\" href=\"https:\/\/www.remundi-grill.de\/pflegehinweise-fuer-grillplatte-und-grillmodule\/\">hier nalezen<\/a>.<\/p>\n<p>Meer veelgestelde vragen (FAQ) over onze producten vind je <a title=\"Naar de FAQ\" href=\"https:\/\/www.remundi-grill.de\/faq\/\">hier<\/a>.<\/p>[\/vc_column_text][\/vc_tta_section][\/vc_tta_tabs][\/vc_column][\/vc_row]<\/p>\n<\/div>","protected":false},"excerpt":{"rendered":"<p>[vc_row][vc_column][vc_column_text css=&#8221;&#8221;]Der Piccolo Grill f\u00fcr den perfekten Grillspa\u00df direkt auf dem Tisch. Unser kleiner Allesk\u00f6nner Tischgrill aus Edelstahl wiegt weniger als 2 kg und eignet sich ideal f\u00fcr einen Grillabend mit wenig Platz! Du suchst nach einem kleinem Grill in hoher Qualit\u00e4t? Du hast ihn gefunden! Unser hochwertiger Piccolo Grill ist langlebig, sodass du viele [&hellip;]<\/p>\n","protected":false},"featured_media":17164,"comment_status":"closed","ping_status":"closed","template":"","meta":{"ocean_post_layout":"","ocean_both_sidebars_style":"","ocean_both_sidebars_content_width":0,"ocean_both_sidebars_sidebars_width":0,"ocean_sidebar":"0","ocean_second_sidebar":"0","ocean_disable_margins":"enable","ocean_add_body_class":"","ocean_shortcode_before_top_bar":"","ocean_shortcode_after_top_bar":"","ocean_shortcode_before_header":"","ocean_shortcode_after_header":"","ocean_has_shortcode":"","ocean_shortcode_after_title":"","ocean_shortcode_before_footer_widgets":"","ocean_shortcode_after_footer_widgets":"","ocean_shortcode_before_footer_bottom":"","ocean_shortcode_after_footer_bottom":"","ocean_display_top_bar":"default","ocean_display_header":"default","ocean_header_style":"","ocean_center_header_left_menu":"0","ocean_custom_header_template":"0","ocean_custom_logo":0,"ocean_custom_retina_logo":0,"ocean_custom_logo_max_width":0,"ocean_custom_logo_tablet_max_width":0,"ocean_custom_logo_mobile_max_width":0,"ocean_custom_logo_max_height":0,"ocean_custom_logo_tablet_max_height":0,"ocean_custom_logo_mobile_max_height":0,"ocean_header_custom_menu":"0","ocean_menu_typo_font_family":"0","ocean_menu_typo_font_subset":"","ocean_menu_typo_font_size":0,"ocean_menu_typo_font_size_tablet":0,"ocean_menu_typo_font_size_mobile":0,"ocean_menu_typo_font_size_unit":"px","ocean_menu_typo_font_weight":"","ocean_menu_typo_font_weight_tablet":"","ocean_menu_typo_font_weight_mobile":"","ocean_menu_typo_transform":"","ocean_menu_typo_transform_tablet":"","ocean_menu_typo_transform_mobile":"","ocean_menu_typo_line_height":0,"ocean_menu_typo_line_height_tablet":0,"ocean_menu_typo_line_height_mobile":0,"ocean_menu_typo_line_height_unit":"","ocean_menu_typo_spacing":0,"ocean_menu_typo_spacing_tablet":0,"ocean_menu_typo_spacing_mobile":0,"ocean_menu_typo_spacing_unit":"","ocean_menu_link_color":"","ocean_menu_link_color_hover":"","ocean_menu_link_color_active":"","ocean_menu_link_background":"","ocean_menu_link_hover_background":"","ocean_menu_link_active_background":"","ocean_menu_social_links_bg":"","ocean_menu_social_hover_links_bg":"","ocean_menu_social_links_color":"","ocean_menu_social_hover_links_color":"","ocean_disable_title":"default","ocean_disable_heading":"default","ocean_post_title":"","ocean_post_subheading":"","ocean_post_title_style":"","ocean_post_title_background_color":"","ocean_post_title_background":0,"ocean_post_title_bg_image_position":"","ocean_post_title_bg_image_attachment":"","ocean_post_title_bg_image_repeat":"","ocean_post_title_bg_image_size":"","ocean_post_title_height":0,"ocean_post_title_bg_overlay":0.5,"ocean_post_title_bg_overlay_color":"","ocean_disable_breadcrumbs":"default","ocean_breadcrumbs_color":"","ocean_breadcrumbs_separator_color":"","ocean_breadcrumbs_links_color":"","ocean_breadcrumbs_links_hover_color":"","ocean_display_footer_widgets":"default","ocean_display_footer_bottom":"default","ocean_custom_footer_template":"0"},"product_brand":[],"product_cat":[253,248],"product_tag":[393,394],"class_list":{"0":"post-17162","1":"product","2":"type-product","3":"status-publish","4":"has-post-thumbnail","6":"product_cat-remundi-basics-feuerstellen","7":"product_cat-pirus","8":"product_tag-piccolo","9":"product_tag-tischgrill","10":"product_shipping_class-versand-tischgrill","12":"entry","13":"has-media","15":"first","16":"instock","17":"taxable","18":"shipping-taxable","19":"purchasable","20":"product-type-simple","21":"col","22":"span_1_of_5","23":"owp-content-center","24":"owp-thumbs-layout-horizontal","25":"owp-btn-normal","26":"owp-tabs-layout-horizontal","27":"has-no-thumbnails"},"_links":{"self":[{"href":"https:\/\/www.remundi-grill.de\/nl\/wp-json\/wp\/v2\/product\/17162","targetHints":{"allow":["GET"]}}],"collection":[{"href":"https:\/\/www.remundi-grill.de\/nl\/wp-json\/wp\/v2\/product"}],"about":[{"href":"https:\/\/www.remundi-grill.de\/nl\/wp-json\/wp\/v2\/types\/product"}],"replies":[{"embeddable":true,"href":"https:\/\/www.remundi-grill.de\/nl\/wp-json\/wp\/v2\/comments?post=17162"}],"wp:featuredmedia":[{"embeddable":true,"href":"https:\/\/www.remundi-grill.de\/nl\/wp-json\/wp\/v2\/media\/17164"}],"wp:attachment":[{"href":"https:\/\/www.remundi-grill.de\/nl\/wp-json\/wp\/v2\/media?parent=17162"}],"wp:term":[{"taxonomy":"product_brand","embeddable":true,"href":"https:\/\/www.remundi-grill.de\/nl\/wp-json\/wp\/v2\/product_brand?post=17162"},{"taxonomy":"product_cat","embeddable":true,"href":"https:\/\/www.remundi-grill.de\/nl\/wp-json\/wp\/v2\/product_cat?post=17162"},{"taxonomy":"product_tag","embeddable":true,"href":"https:\/\/www.remundi-grill.de\/nl\/wp-json\/wp\/v2\/product_tag?post=17162"}],"curies":[{"name":"wp","href":"https:\/\/api.w.org\/{rel}","templated":true}]}}