{"id":21778,"date":"2026-05-12T23:51:56","date_gmt":"2026-05-12T21:51:56","guid":{"rendered":"https:\/\/www.remundi-grill.de\/produkt\/granieten-plank-voor-magnus\/"},"modified":"2026-05-12T23:51:57","modified_gmt":"2026-05-12T21:51:57","slug":"granieten-plank-voor-magnus","status":"publish","type":"product","link":"https:\/\/www.remundi-grill.de\/nl\/produkt\/granieten-plank-voor-magnus\/","title":{"rendered":"Granieten plank voor Magnus"},"content":{"rendered":"<div class=\"wpb-content-wrapper\"><p>[vc_row][vc_column][vc_column_text css=&#8221;&#8221;]De hoogwaardige granieten plaat kan worden bevestigd aan de <a href=\"https:\/\/www.remundi-grill.de\/nl\/?post_type=product&#038;p=21148\">Remundi Magnus<\/a> en biedt extra opbergmogelijkheden tijdens het barbecue\u00ebn. Er kunnen maximaal vier granieten planken aan de Magnus worden bevestigd. Bij de levering is \u00e9\u00e9n plank inbegrepen.[\/vc_column_text][vc_tta_tabs][vc_tta_section title=&#8221;Technische details&#8221; tab_id=&#8221;1747291679409-60debb2f-3c26&#8243;][vc_column_text css=&#8221;&#8221;]<\/p>\n<table>\n<tbody>\n<tr>\n<td><strong>Artikelnummer:<\/strong><\/td>\n<td><strong>EAN:<\/strong><\/td>\n<\/tr>\n<tr>\n<td>800864<\/td>\n<td>4260549660158<\/td>\n<\/tr>\n<\/tbody>\n<\/table>\n<table>\n<tbody>\n<tr>\n<td><strong>materiaal<\/strong><\/td>\n<td>Graniet \/ staal<\/td>\n<\/tr>\n<tr>\n<td><strong>Afmetingen<\/strong> (L x B x H)<\/td>\n<td valign=\"top\">15 x 70 x 2 cm<\/td>\n<\/tr>\n<tr>\n<td><strong>gewicht<\/strong><\/td>\n<td>ongeveer 7 kg<\/td>\n<\/tr>\n<tr>\n<td><strong>Afmetingen verpakking<\/strong> (L x B x H)<\/td>\n<td valign=\"top\">39 x 79 x 18 cm<\/td>\n<\/tr>\n<tr>\n<td><strong>Leveringsomvang<\/strong><\/td>\n<td valign=\"top\">1x granieten plank<\/td>\n<\/tr>\n<\/tbody>\n<\/table>\n<p>[\/vc_column_text][\/vc_tta_section][vc_tta_section title=&#8221;Productveiligheid&#8221; tab_id=&#8221;1747291679423-44fbd693-09cb&#8221;][vc_column_text css=&#8221;&#8221;]<h3><strong>Fabrikantinformatie\/GPSR:<\/strong><\/h3>\n<p>Remundi GmbH <br \/>Siebenbornstra\u00dfe 26 <br \/>56337 Simmern \/ Westerwald (Germany) <br \/>Telefoon +49 26 20 \u2013 9 40 99 28 <br \/>E-mail info@remundi-grill.de<br \/>Web: www.remundi-grill.de<\/p>\n<p> <\/p>[\/vc_column_text][\/vc_tta_section][\/vc_tta_tabs][\/vc_column][\/vc_row]<\/p>\n<\/div>","protected":false},"excerpt":{"rendered":"<p>[vc_row][vc_column][vc_column_text css=&#8221;&#8221;]De hoogwaardige granieten plaat kan worden bevestigd aan de Remundi Magnus en biedt extra opbergmogelijkheden tijdens het barbecue\u00ebn. Er kunnen maximaal vier granieten planken aan de Magnus worden bevestigd. Bij de levering is \u00e9\u00e9n plank inbegrepen.[\/vc_column_text][vc_tta_tabs][vc_tta_section title=&#8221;Technische details&#8221; tab_id=&#8221;1747291679409-60debb2f-3c26&#8243;][vc_column_text css=&#8221;&#8221;] Artikelnummer: EAN: 800864 4260549660158 materiaal Graniet \/ staal Afmetingen (L x B x H) [&hellip;]<\/p>\n","protected":false},"featured_media":21773,"comment_status":"closed","ping_status":"closed","template":"","meta":{"ocean_post_layout":"","ocean_both_sidebars_style":"","ocean_both_sidebars_content_width":0,"ocean_both_sidebars_sidebars_width":0,"ocean_sidebar":"0","ocean_second_sidebar":"0","ocean_disable_margins":"enable","ocean_add_body_class":"","ocean_shortcode_before_top_bar":"","ocean_shortcode_after_top_bar":"","ocean_shortcode_before_header":"","ocean_shortcode_after_header":"","ocean_has_shortcode":"","ocean_shortcode_after_title":"","ocean_shortcode_before_footer_widgets":"","ocean_shortcode_after_footer_widgets":"","ocean_shortcode_before_footer_bottom":"","ocean_shortcode_after_footer_bottom":"","ocean_display_top_bar":"default","ocean_display_header":"default","ocean_header_style":"","ocean_center_header_left_menu":"0","ocean_custom_header_template":"0","ocean_custom_logo":0,"ocean_custom_retina_logo":0,"ocean_custom_logo_max_width":0,"ocean_custom_logo_tablet_max_width":0,"ocean_custom_logo_mobile_max_width":0,"ocean_custom_logo_max_height":0,"ocean_custom_logo_tablet_max_height":0,"ocean_custom_logo_mobile_max_height":0,"ocean_header_custom_menu":"0","ocean_menu_typo_font_family":"0","ocean_menu_typo_font_subset":"","ocean_menu_typo_font_size":0,"ocean_menu_typo_font_size_tablet":0,"ocean_menu_typo_font_size_mobile":0,"ocean_menu_typo_font_size_unit":"px","ocean_menu_typo_font_weight":"","ocean_menu_typo_font_weight_tablet":"","ocean_menu_typo_font_weight_mobile":"","ocean_menu_typo_transform":"","ocean_menu_typo_transform_tablet":"","ocean_menu_typo_transform_mobile":"","ocean_menu_typo_line_height":0,"ocean_menu_typo_line_height_tablet":0,"ocean_menu_typo_line_height_mobile":0,"ocean_menu_typo_line_height_unit":"","ocean_menu_typo_spacing":0,"ocean_menu_typo_spacing_tablet":0,"ocean_menu_typo_spacing_mobile":0,"ocean_menu_typo_spacing_unit":"","ocean_menu_link_color":"","ocean_menu_link_color_hover":"","ocean_menu_link_color_active":"","ocean_menu_link_background":"","ocean_menu_link_hover_background":"","ocean_menu_link_active_background":"","ocean_menu_social_links_bg":"","ocean_menu_social_hover_links_bg":"","ocean_menu_social_links_color":"","ocean_menu_social_hover_links_color":"","ocean_disable_title":"default","ocean_disable_heading":"default","ocean_post_title":"","ocean_post_subheading":"","ocean_post_title_style":"","ocean_post_title_background_color":"","ocean_post_title_background":0,"ocean_post_title_bg_image_position":"","ocean_post_title_bg_image_attachment":"","ocean_post_title_bg_image_repeat":"","ocean_post_title_bg_image_size":"","ocean_post_title_height":0,"ocean_post_title_bg_overlay":0.5,"ocean_post_title_bg_overlay_color":"","ocean_disable_breadcrumbs":"default","ocean_breadcrumbs_color":"","ocean_breadcrumbs_separator_color":"","ocean_breadcrumbs_links_color":"","ocean_breadcrumbs_links_hover_color":"","ocean_display_footer_widgets":"default","ocean_display_footer_bottom":"default","ocean_custom_footer_template":"0"},"product_brand":[],"product_cat":[552,570],"product_tag":[],"class_list":{"0":"post-21778","1":"product","2":"type-product","3":"status-publish","4":"has-post-thumbnail","6":"product_cat-grillaccessoires","7":"product_cat-grillhulpstukken-en-plateaus","8":"product_shipping_class-verzending-accessoires","10":"entry","11":"has-media","13":"first","14":"instock","15":"taxable","16":"shipping-taxable","17":"purchasable","18":"product-type-simple","19":"col","20":"span_1_of_5","21":"owp-content-center","22":"owp-thumbs-layout-horizontal","23":"owp-btn-normal","24":"owp-tabs-layout-horizontal","25":"has-no-thumbnails"},"_links":{"self":[{"href":"https:\/\/www.remundi-grill.de\/nl\/wp-json\/wp\/v2\/product\/21778","targetHints":{"allow":["GET"]}}],"collection":[{"href":"https:\/\/www.remundi-grill.de\/nl\/wp-json\/wp\/v2\/product"}],"about":[{"href":"https:\/\/www.remundi-grill.de\/nl\/wp-json\/wp\/v2\/types\/product"}],"replies":[{"embeddable":true,"href":"https:\/\/www.remundi-grill.de\/nl\/wp-json\/wp\/v2\/comments?post=21778"}],"wp:featuredmedia":[{"embeddable":true,"href":"https:\/\/www.remundi-grill.de\/nl\/wp-json\/wp\/v2\/media\/21773"}],"wp:attachment":[{"href":"https:\/\/www.remundi-grill.de\/nl\/wp-json\/wp\/v2\/media?parent=21778"}],"wp:term":[{"taxonomy":"product_brand","embeddable":true,"href":"https:\/\/www.remundi-grill.de\/nl\/wp-json\/wp\/v2\/product_brand?post=21778"},{"taxonomy":"product_cat","embeddable":true,"href":"https:\/\/www.remundi-grill.de\/nl\/wp-json\/wp\/v2\/product_cat?post=21778"},{"taxonomy":"product_tag","embeddable":true,"href":"https:\/\/www.remundi-grill.de\/nl\/wp-json\/wp\/v2\/product_tag?post=21778"}],"curies":[{"name":"wp","href":"https:\/\/api.w.org\/{rel}","templated":true}]}}